{"id":7836,"date":"2024-10-15T17:21:03","date_gmt":"2024-10-15T14:21:03","guid":{"rendered":"https:\/\/linnasmaki.fi\/aktuellt"},"modified":"2025-10-24T10:45:20","modified_gmt":"2025-10-24T07:45:20","slug":"aktuellt","status":"publish","type":"page","link":"https:\/\/linnasmaki.fi\/sv\/aktuellt\/","title":{"rendered":"Aktuellt"},"content":{"rendered":"[vc_row type=&#8221;full_width_background&#8221; full_screen_row_position=&#8221;middle&#8221; column_margin=&#8221;default&#8221; column_direction=&#8221;default&#8221; column_direction_tablet=&#8221;default&#8221; column_direction_phone=&#8221;default&#8221; bg_color=&#8221;#728460&#8243; scene_position=&#8221;center&#8221; top_padding=&#8221;4%&#8221; bottom_padding=&#8221;4%&#8221; right_padding_desktop=&#8221;3%&#8221; bottom_padding_phone=&#8221;15%&#8221; text_color=&#8221;dark&#8221; text_align=&#8221;left&#8221; row_border_radius=&#8221;none&#8221; row_border_radius_applies=&#8221;bg&#8221; overflow=&#8221;visible&#8221; overlay_strength=&#8221;0.3&#8243; gradient_direction=&#8221;left_to_right&#8221; shape_divider_position=&#8221;bottom&#8221; bg_image_animation=&#8221;none&#8221; gradient_type=&#8221;default&#8221; shape_type=&#8221;&#8221;][vc_column column_padding=&#8221;no-extra-padding&#8221; column_padding_tablet=&#8221;inherit&#8221; column_padding_phone=&#8221;inherit&#8221; column_padding_position=&#8221;all&#8221; column_element_direction_desktop=&#8221;default&#8221; column_element_spacing=&#8221;default&#8221; desktop_text_alignment=&#8221;default&#8221; tablet_text_alignment=&#8221;default&#8221; phone_text_alignment=&#8221;default&#8221; background_color_opacity=&#8221;1&#8243; background_hover_color_opacity=&#8221;1&#8243; column_backdrop_filter=&#8221;none&#8221; column_shadow=&#8221;none&#8221; column_border_radius=&#8221;none&#8221; column_link_target=&#8221;_self&#8221; column_position=&#8221;default&#8221; gradient_direction=&#8221;left_to_right&#8221; overlay_strength=&#8221;0.3&#8243; width=&#8221;3\/5&#8243; tablet_width_inherit=&#8221;default&#8221; animation_type=&#8221;default&#8221; bg_image_animation=&#8221;none&#8221; border_type=&#8221;simple&#8221; column_border_width=&#8221;none&#8221; column_border_style=&#8221;solid&#8221;][nectar_responsive_text inherited_font_style=&#8221;default&#8221; text_color=&#8221;#ffffff&#8221; text_direction=&#8221;default&#8221;]\n<h1>Aktuellt<\/h1>\n[\/nectar_responsive_text][divider line_type=&#8221;No Line&#8221; custom_height=&#8221;15&#8243;][nectar_responsive_text inherited_font_style=&#8221;default&#8221; text_color=&#8221;#ffffff&#8221; font_size_desktop=&#8221;19&#8243; text_direction=&#8221;default&#8221; max_width=&#8221;600&#8243; font_size_phone=&#8221;17&#8243;]Hotell Linnasm\u00e4ki erbjuder sina g\u00e4ster mycket att se och uppleva. Utforska v\u00e5ra aktuella artiklar![\/nectar_responsive_text][\/vc_column][\/vc_row][vc_row type=&#8221;full_width_background&#8221; full_screen_row_position=&#8221;middle&#8221; column_margin=&#8221;default&#8221; column_direction=&#8221;default&#8221; column_direction_tablet=&#8221;default&#8221; column_direction_phone=&#8221;default&#8221; bg_color=&#8221;rgba(230,225,220,0.56)&#8221; scene_position=&#8221;center&#8221; top_padding=&#8221;4%&#8221; constrain_group_1=&#8221;yes&#8221; bottom_padding=&#8221;4%&#8221; top_padding_phone=&#8221;15%&#8221; constrain_group_5=&#8221;yes&#8221; bottom_padding_phone=&#8221;15%&#8221; text_color=&#8221;dark&#8221; text_align=&#8221;left&#8221; row_border_radius=&#8221;none&#8221; row_border_radius_applies=&#8221;bg&#8221; overflow=&#8221;visible&#8221; overlay_strength=&#8221;0.3&#8243; gradient_direction=&#8221;left_to_right&#8221; shape_divider_position=&#8221;bottom&#8221; bg_image_animation=&#8221;none&#8221; gradient_type=&#8221;default&#8221; shape_type=&#8221;&#8221;][vc_column column_padding=&#8221;no-extra-padding&#8221; column_padding_tablet=&#8221;inherit&#8221; column_padding_phone=&#8221;inherit&#8221; column_padding_position=&#8221;all&#8221; column_element_direction_desktop=&#8221;default&#8221; column_element_spacing=&#8221;default&#8221; desktop_text_alignment=&#8221;default&#8221; tablet_text_alignment=&#8221;default&#8221; phone_text_alignment=&#8221;default&#8221; background_color_opacity=&#8221;1&#8243; background_hover_color_opacity=&#8221;1&#8243; column_backdrop_filter=&#8221;none&#8221; column_shadow=&#8221;none&#8221; column_border_radius=&#8221;none&#8221; column_link_target=&#8221;_self&#8221; column_position=&#8221;default&#8221; gradient_direction=&#8221;left_to_right&#8221; overlay_strength=&#8221;0.3&#8243; width=&#8221;1\/1&#8243; tablet_width_inherit=&#8221;default&#8221; animation_type=&#8221;default&#8221; bg_image_animation=&#8221;none&#8221; border_type=&#8221;simple&#8221; column_border_width=&#8221;none&#8221; column_border_style=&#8221;solid&#8221;][nectar_post_grid post_type=&#8221;post&#8221; blog_category=&#8221;nyhet&#8221; blog_starting_category=&#8221;all&#8221; order=&#8221;DESC&#8221; orderby=&#8221;date&#8221; pagination=&#8221;none&#8221; columns=&#8221;3&#8243; columns_tablet=&#8221;default&#8221; columns_phone=&#8221;default&#8221; grid_item_spacing=&#8221;25px&#8221; grid_item_height=&#8221;30vh&#8221; 3_col_masonry_layout=&#8221;default&#8221; image_size=&#8221;large&#8221; image_loading=&#8221;default&#8221; animation=&#8221;fade-in-from-bottom&#8221; animation_stagger=&#8221;90&#8243; animation_easing=&#8221;default&#8221; heading_tag=&#8221;default&#8221; heading_tag_render=&#8221;default&#8221; category_position=&#8221;default&#8221; display_excerpt=&#8221;yes&#8221; excerpt_display=&#8221;default&#8221; additional_meta_size=&#8221;default&#8221; custom_fields_location=&#8221;before_post_meta&#8221; grid_style=&#8221;content_under_image&#8221; content_under_image_text_align=&#8221;left&#8221; text_color=&#8221;dark&#8221; hover_effect=&#8221;zoom&#8221; border_radius=&#8221;none&#8221; posts_per_page=&#8221;1000&#8243; display_type=&#8221;grid&#8221; custom_font_size=&#8221;24&#8243;][\/vc_column][\/vc_row]\n","protected":false},"excerpt":{"rendered":"<p>[vc_row type=&#8221;full_width_background&#8221; full_screen_row_position=&#8221;middle&#8221; column_margin=&#8221;default&#8221; column_direction=&#8221;default&#8221; column_direction_tablet=&#8221;default&#8221; column_direction_phone=&#8221;default&#8221; bg_color=&#8221;#728460&#8243; scene_position=&#8221;center&#8221; top_padding=&#8221;4%&#8221; bottom_padding=&#8221;4%&#8221; right_padding_desktop=&#8221;3%&#8221; bottom_padding_phone=&#8221;15%&#8221; text_color=&#8221;dark&#8221; text_align=&#8221;left&#8221; row_border_radius=&#8221;none&#8221; row_border_radius_applies=&#8221;bg&#8221; overflow=&#8221;visible&#8221; overlay_strength=&#8221;0.3&#8243; gradient_direction=&#8221;left_to_right&#8221; shape_divider_position=&#8221;bottom&#8221; bg_image_animation=&#8221;none&#8221; gradient_type=&#8221;default&#8221; shape_type=&#8221;&#8221;][vc_column column_padding=&#8221;no-extra-padding&#8221; column_padding_tablet=&#8221;inherit&#8221; column_padding_phone=&#8221;inherit&#8221; column_padding_position=&#8221;all&#8221; column_element_direction_desktop=&#8221;default&#8221; column_element_spacing=&#8221;default&#8221;&#8230;<\/p>\n","protected":false},"author":1,"featured_media":0,"parent":0,"menu_order":0,"comment_status":"closed","ping_status":"closed","template":"","meta":{"footnotes":""},"class_list":["post-7836","page","type-page","status-publish"],"yoast_head":"<!-- This site is optimized with the Yoast SEO plugin v27.3 - https:\/\/yoast.com\/product\/yoast-seo-wordpress\/ -->\n<title>Aktuellt - Hotell Linnasm\u00e4ki - \u00c5bo<\/title>\n<meta name=\"description\" content=\"Hotell Linnasm\u00e4ki erbjuder sina g\u00e4ster mycket att se och uppleva. Utforska v\u00e5ra aktuella artiklar!\" \/>\n<meta name=\"robots\" content=\"index, follow, max-snippet:-1, max-image-preview:large, max-video-preview:-1\" \/>\n<link rel=\"canonical\" href=\"https:\/\/linnasmaki.fi\/sv\/aktuellt\/\" \/>\n<meta property=\"og:locale\" content=\"sv_SE\" \/>\n<meta property=\"og:type\" content=\"article\" \/>\n<meta property=\"og:title\" content=\"Aktuellt - Hotell Linnasm\u00e4ki - \u00c5bo\" \/>\n<meta property=\"og:description\" content=\"Hotell Linnasm\u00e4ki erbjuder sina g\u00e4ster mycket att se och uppleva. Utforska v\u00e5ra aktuella artiklar!\" \/>\n<meta property=\"og:url\" content=\"https:\/\/linnasmaki.fi\/sv\/aktuellt\/\" \/>\n<meta property=\"og:site_name\" content=\"Hotelli Linnasm&auml;ki\" \/>\n<meta property=\"article:publisher\" content=\"https:\/\/www.facebook.com\/Linnasmaki\/?locale=fi_FI\" \/>\n<meta property=\"article:modified_time\" content=\"2025-10-24T07:45:20+00:00\" \/>\n<meta name=\"twitter:card\" content=\"summary_large_image\" \/>\n<meta name=\"twitter:label1\" content=\"Ber\u00e4knad l\u00e4stid\" \/>\n\t<meta name=\"twitter:data1\" content=\"1 minut\" \/>\n<script type=\"application\/ld+json\" class=\"yoast-schema-graph\">{\"@context\":\"https:\\\/\\\/schema.org\",\"@graph\":[{\"@type\":\"WebPage\",\"@id\":\"https:\\\/\\\/linnasmaki.fi\\\/sv\\\/aktuellt\\\/\",\"url\":\"https:\\\/\\\/linnasmaki.fi\\\/sv\\\/aktuellt\\\/\",\"name\":\"Aktuellt - Hotell Linnasm\u00e4ki - \u00c5bo\",\"isPartOf\":{\"@id\":\"https:\\\/\\\/linnasmaki.fi\\\/sv\\\/#website\"},\"datePublished\":\"2024-10-15T14:21:03+00:00\",\"dateModified\":\"2025-10-24T07:45:20+00:00\",\"description\":\"Hotell Linnasm\u00e4ki erbjuder sina g\u00e4ster mycket att se och uppleva. Utforska v\u00e5ra aktuella artiklar!\",\"breadcrumb\":{\"@id\":\"https:\\\/\\\/linnasmaki.fi\\\/sv\\\/aktuellt\\\/#breadcrumb\"},\"inLanguage\":\"sv-SE\",\"potentialAction\":[{\"@type\":\"ReadAction\",\"target\":[\"https:\\\/\\\/linnasmaki.fi\\\/sv\\\/aktuellt\\\/\"]}]},{\"@type\":\"BreadcrumbList\",\"@id\":\"https:\\\/\\\/linnasmaki.fi\\\/sv\\\/aktuellt\\\/#breadcrumb\",\"itemListElement\":[{\"@type\":\"ListItem\",\"position\":1,\"name\":\"Etusivu\",\"item\":\"https:\\\/\\\/linnasmaki.fi\\\/sv\\\/hotell-linnasmaki-abo\\\/\"},{\"@type\":\"ListItem\",\"position\":2,\"name\":\"Aktuellt\"}]},{\"@type\":\"WebSite\",\"@id\":\"https:\\\/\\\/linnasmaki.fi\\\/sv\\\/#website\",\"url\":\"https:\\\/\\\/linnasmaki.fi\\\/sv\\\/\",\"name\":\"Hotelli Linnasm\u00e4ki\",\"description\":\"Hotelli | Kokoushotelli | Hostelli - Turku\",\"publisher\":{\"@id\":\"https:\\\/\\\/linnasmaki.fi\\\/sv\\\/#organization\"},\"potentialAction\":[{\"@type\":\"SearchAction\",\"target\":{\"@type\":\"EntryPoint\",\"urlTemplate\":\"https:\\\/\\\/linnasmaki.fi\\\/sv\\\/?s={search_term_string}\"},\"query-input\":{\"@type\":\"PropertyValueSpecification\",\"valueRequired\":true,\"valueName\":\"search_term_string\"}}],\"inLanguage\":\"sv-SE\"},{\"@type\":\"Organization\",\"@id\":\"https:\\\/\\\/linnasmaki.fi\\\/sv\\\/#organization\",\"name\":\"Kokoushotelli ja hostelli Linnasm\u00e4ki, Turku\",\"url\":\"https:\\\/\\\/linnasmaki.fi\\\/sv\\\/\",\"logo\":{\"@type\":\"ImageObject\",\"inLanguage\":\"sv-SE\",\"@id\":\"https:\\\/\\\/linnasmaki.fi\\\/sv\\\/#\\\/schema\\\/logo\\\/image\\\/\",\"url\":\"https:\\\/\\\/linnasmaki.fi\\\/wp-content\\\/uploads\\\/2024\\\/09\\\/Hotelli-Linnasmaki-Logo-FIN.svg\",\"contentUrl\":\"https:\\\/\\\/linnasmaki.fi\\\/wp-content\\\/uploads\\\/2024\\\/09\\\/Hotelli-Linnasmaki-Logo-FIN.svg\",\"width\":1,\"height\":1,\"caption\":\"Kokoushotelli ja hostelli Linnasm\u00e4ki, Turku\"},\"image\":{\"@id\":\"https:\\\/\\\/linnasmaki.fi\\\/sv\\\/#\\\/schema\\\/logo\\\/image\\\/\"},\"sameAs\":[\"https:\\\/\\\/www.facebook.com\\\/Linnasmaki\\\/?locale=fi_FI\"]}]}<\/script>\n<!-- \/ Yoast SEO plugin. -->","yoast_head_json":{"title":"Aktuellt - Hotell Linnasm\u00e4ki - \u00c5bo","description":"Hotell Linnasm\u00e4ki erbjuder sina g\u00e4ster mycket att se och uppleva. Utforska v\u00e5ra aktuella artiklar!","robots":{"index":"index","follow":"follow","max-snippet":"max-snippet:-1","max-image-preview":"max-image-preview:large","max-video-preview":"max-video-preview:-1"},"canonical":"https:\/\/linnasmaki.fi\/sv\/aktuellt\/","og_locale":"sv_SE","og_type":"article","og_title":"Aktuellt - Hotell Linnasm\u00e4ki - \u00c5bo","og_description":"Hotell Linnasm\u00e4ki erbjuder sina g\u00e4ster mycket att se och uppleva. Utforska v\u00e5ra aktuella artiklar!","og_url":"https:\/\/linnasmaki.fi\/sv\/aktuellt\/","og_site_name":"Hotelli Linnasm&auml;ki","article_publisher":"https:\/\/www.facebook.com\/Linnasmaki\/?locale=fi_FI","article_modified_time":"2025-10-24T07:45:20+00:00","twitter_card":"summary_large_image","twitter_misc":{"Ber\u00e4knad l\u00e4stid":"1 minut"},"schema":{"@context":"https:\/\/schema.org","@graph":[{"@type":"WebPage","@id":"https:\/\/linnasmaki.fi\/sv\/aktuellt\/","url":"https:\/\/linnasmaki.fi\/sv\/aktuellt\/","name":"Aktuellt - Hotell Linnasm\u00e4ki - \u00c5bo","isPartOf":{"@id":"https:\/\/linnasmaki.fi\/sv\/#website"},"datePublished":"2024-10-15T14:21:03+00:00","dateModified":"2025-10-24T07:45:20+00:00","description":"Hotell Linnasm\u00e4ki erbjuder sina g\u00e4ster mycket att se och uppleva. Utforska v\u00e5ra aktuella artiklar!","breadcrumb":{"@id":"https:\/\/linnasmaki.fi\/sv\/aktuellt\/#breadcrumb"},"inLanguage":"sv-SE","potentialAction":[{"@type":"ReadAction","target":["https:\/\/linnasmaki.fi\/sv\/aktuellt\/"]}]},{"@type":"BreadcrumbList","@id":"https:\/\/linnasmaki.fi\/sv\/aktuellt\/#breadcrumb","itemListElement":[{"@type":"ListItem","position":1,"name":"Etusivu","item":"https:\/\/linnasmaki.fi\/sv\/hotell-linnasmaki-abo\/"},{"@type":"ListItem","position":2,"name":"Aktuellt"}]},{"@type":"WebSite","@id":"https:\/\/linnasmaki.fi\/sv\/#website","url":"https:\/\/linnasmaki.fi\/sv\/","name":"Hotelli Linnasm\u00e4ki","description":"Hotelli | Kokoushotelli | Hostelli - Turku","publisher":{"@id":"https:\/\/linnasmaki.fi\/sv\/#organization"},"potentialAction":[{"@type":"SearchAction","target":{"@type":"EntryPoint","urlTemplate":"https:\/\/linnasmaki.fi\/sv\/?s={search_term_string}"},"query-input":{"@type":"PropertyValueSpecification","valueRequired":true,"valueName":"search_term_string"}}],"inLanguage":"sv-SE"},{"@type":"Organization","@id":"https:\/\/linnasmaki.fi\/sv\/#organization","name":"Kokoushotelli ja hostelli Linnasm\u00e4ki, Turku","url":"https:\/\/linnasmaki.fi\/sv\/","logo":{"@type":"ImageObject","inLanguage":"sv-SE","@id":"https:\/\/linnasmaki.fi\/sv\/#\/schema\/logo\/image\/","url":"https:\/\/linnasmaki.fi\/wp-content\/uploads\/2024\/09\/Hotelli-Linnasmaki-Logo-FIN.svg","contentUrl":"https:\/\/linnasmaki.fi\/wp-content\/uploads\/2024\/09\/Hotelli-Linnasmaki-Logo-FIN.svg","width":1,"height":1,"caption":"Kokoushotelli ja hostelli Linnasm\u00e4ki, Turku"},"image":{"@id":"https:\/\/linnasmaki.fi\/sv\/#\/schema\/logo\/image\/"},"sameAs":["https:\/\/www.facebook.com\/Linnasmaki\/?locale=fi_FI"]}]}},"_links":{"self":[{"href":"https:\/\/linnasmaki.fi\/sv\/wp-json\/wp\/v2\/pages\/7836","targetHints":{"allow":["GET"]}}],"collection":[{"href":"https:\/\/linnasmaki.fi\/sv\/wp-json\/wp\/v2\/pages"}],"about":[{"href":"https:\/\/linnasmaki.fi\/sv\/wp-json\/wp\/v2\/types\/page"}],"author":[{"embeddable":true,"href":"https:\/\/linnasmaki.fi\/sv\/wp-json\/wp\/v2\/users\/1"}],"replies":[{"embeddable":true,"href":"https:\/\/linnasmaki.fi\/sv\/wp-json\/wp\/v2\/comments?post=7836"}],"version-history":[{"count":6,"href":"https:\/\/linnasmaki.fi\/sv\/wp-json\/wp\/v2\/pages\/7836\/revisions"}],"predecessor-version":[{"id":8413,"href":"https:\/\/linnasmaki.fi\/sv\/wp-json\/wp\/v2\/pages\/7836\/revisions\/8413"}],"wp:attachment":[{"href":"https:\/\/linnasmaki.fi\/sv\/wp-json\/wp\/v2\/media?parent=7836"}],"curies":[{"name":"wp","href":"https:\/\/api.w.org\/{rel}","templated":true}]}}