{"id":7824,"date":"2024-10-16T10:22:07","date_gmt":"2024-10-16T07:22:07","guid":{"rendered":"https:\/\/linnasmaki.fi\/ankomst"},"modified":"2025-11-03T10:14:02","modified_gmt":"2025-11-03T08:14:02","slug":"ankomst","status":"publish","type":"page","link":"https:\/\/linnasmaki.fi\/sv\/ankomst\/","title":{"rendered":"Ankomst"},"content":{"rendered":"[vc_row type=&#8221;full_width_background&#8221; full_screen_row_position=&#8221;middle&#8221; column_margin=&#8221;default&#8221; column_direction=&#8221;default&#8221; column_direction_tablet=&#8221;default&#8221; column_direction_phone=&#8221;default&#8221; bg_color=&#8221;#728460&#8243; scene_position=&#8221;center&#8221; top_margin=&#8221;60&#8243; text_color=&#8221;dark&#8221; text_align=&#8221;left&#8221; row_border_radius=&#8221;none&#8221; row_border_radius_applies=&#8221;bg&#8221; overflow=&#8221;visible&#8221; overlay_strength=&#8221;0.3&#8243; gradient_direction=&#8221;left_to_right&#8221; shape_divider_position=&#8221;bottom&#8221; bg_image_animation=&#8221;none&#8221; gradient_type=&#8221;default&#8221; shape_type=&#8221;&#8221;][vc_column column_padding=&#8221;no-extra-padding&#8221; column_padding_tablet=&#8221;inherit&#8221; column_padding_phone=&#8221;inherit&#8221; column_padding_position=&#8221;all&#8221; top_margin=&#8221;-60&#8243; column_element_direction_desktop=&#8221;default&#8221; column_element_spacing=&#8221;default&#8221; desktop_text_alignment=&#8221;default&#8221; tablet_text_alignment=&#8221;default&#8221; phone_text_alignment=&#8221;default&#8221; background_color_opacity=&#8221;1&#8243; background_hover_color_opacity=&#8221;1&#8243; column_backdrop_filter=&#8221;none&#8221; column_shadow=&#8221;none&#8221; column_border_radius=&#8221;none&#8221; column_link_target=&#8221;_self&#8221; column_position=&#8221;default&#8221; gradient_direction=&#8221;left_to_right&#8221; overlay_strength=&#8221;0.3&#8243; width=&#8221;1\/1&#8243; tablet_width_inherit=&#8221;default&#8221; animation_type=&#8221;default&#8221; bg_image_animation=&#8221;none&#8221; border_type=&#8221;simple&#8221; column_border_width=&#8221;none&#8221; column_border_style=&#8221;solid&#8221; column_padding_type=&#8221;default&#8221; gradient_type=&#8221;default&#8221;][\/vc_column][\/vc_row][vc_row type=&#8221;full_width_background&#8221; full_screen_row_position=&#8221;middle&#8221; column_margin=&#8221;default&#8221; column_direction=&#8221;default&#8221; column_direction_tablet=&#8221;default&#8221; column_direction_phone=&#8221;default&#8221; bg_color=&#8221;#728460&#8243; scene_position=&#8221;center&#8221; top_padding=&#8221;4%&#8221; bottom_padding=&#8221;6%&#8221; right_padding_desktop=&#8221;3%&#8221; bottom_padding_phone=&#8221;15%&#8221; text_color=&#8221;dark&#8221; text_align=&#8221;left&#8221; row_border_radius=&#8221;none&#8221; row_border_radius_applies=&#8221;bg&#8221; overflow=&#8221;visible&#8221; overlay_strength=&#8221;0.3&#8243; gradient_direction=&#8221;left_to_right&#8221; shape_divider_position=&#8221;bottom&#8221; bg_image_animation=&#8221;none&#8221; gradient_type=&#8221;default&#8221; shape_type=&#8221;&#8221;][vc_column column_padding=&#8221;no-extra-padding&#8221; column_padding_tablet=&#8221;inherit&#8221; column_padding_phone=&#8221;inherit&#8221; column_padding_position=&#8221;all&#8221; column_element_direction_desktop=&#8221;default&#8221; column_element_spacing=&#8221;default&#8221; desktop_text_alignment=&#8221;default&#8221; tablet_text_alignment=&#8221;default&#8221; phone_text_alignment=&#8221;default&#8221; background_color_opacity=&#8221;1&#8243; background_hover_color_opacity=&#8221;1&#8243; column_backdrop_filter=&#8221;none&#8221; column_shadow=&#8221;none&#8221; column_border_radius=&#8221;none&#8221; column_link_target=&#8221;_self&#8221; column_position=&#8221;default&#8221; gradient_direction=&#8221;left_to_right&#8221; overlay_strength=&#8221;0.3&#8243; width=&#8221;1\/2&#8243; tablet_width_inherit=&#8221;default&#8221; animation_type=&#8221;default&#8221; bg_image_animation=&#8221;none&#8221; border_type=&#8221;simple&#8221; column_border_width=&#8221;none&#8221; column_border_style=&#8221;solid&#8221;][nectar_responsive_text inherited_font_style=&#8221;default&#8221; text_color=&#8221;#ffffff&#8221; text_direction=&#8221;default&#8221;]\n<h1>Ankomst<\/h1>\n[\/nectar_responsive_text][\/vc_column][vc_column column_padding=&#8221;no-extra-padding&#8221; column_padding_tablet=&#8221;inherit&#8221; column_padding_phone=&#8221;inherit&#8221; column_padding_position=&#8221;all&#8221; column_element_direction_desktop=&#8221;default&#8221; column_element_spacing=&#8221;default&#8221; desktop_text_alignment=&#8221;default&#8221; tablet_text_alignment=&#8221;default&#8221; phone_text_alignment=&#8221;default&#8221; background_color_opacity=&#8221;1&#8243; background_hover_color_opacity=&#8221;1&#8243; column_backdrop_filter=&#8221;none&#8221; column_shadow=&#8221;none&#8221; column_border_radius=&#8221;none&#8221; column_link_target=&#8221;_self&#8221; column_position=&#8221;default&#8221; gradient_direction=&#8221;left_to_right&#8221; overlay_strength=&#8221;0.3&#8243; width=&#8221;1\/2&#8243; tablet_width_inherit=&#8221;default&#8221; animation_type=&#8221;default&#8221; bg_image_animation=&#8221;none&#8221; border_type=&#8221;simple&#8221; column_border_width=&#8221;none&#8221; column_border_style=&#8221;solid&#8221;][nectar_responsive_text inherited_font_style=&#8221;default&#8221; text_color=&#8221;#ffffff&#8221; font_size_desktop=&#8221;19&#8243; text_direction=&#8221;default&#8221; max_width=&#8221;720&#8243; font_size_phone=&#8221;17&#8243;]Hotell Linnasm\u00e4ki ligger cirka fyra kilometer fr\u00e5n \u00c5bo centrum och har utm\u00e4rkta f\u00f6rbindelser b\u00e5de med bil och kollektivtrafik. Linnasm\u00e4ki erbjuder gott om gratis parkeringsplatser samt n\u00e5gra avgiftsbelagda laddstationer f\u00f6r elbilar (5 \u20ac\/dygn f\u00f6r hybridbilar och 12 \u20ac\/dygn f\u00f6r helt eldrivna bilar). P\u00e5 den h\u00e4r sidan hittar du de vanligaste busslinjerna fr\u00e5n popul\u00e4ra platser till Hotell Linnasm\u00e4ki.[\/nectar_responsive_text][\/vc_column][\/vc_row][vc_row type=&#8221;in_container&#8221; full_screen_row_position=&#8221;middle&#8221; column_margin=&#8221;100px&#8221; column_direction=&#8221;default&#8221; column_direction_tablet=&#8221;default&#8221; column_direction_phone=&#8221;default&#8221; scene_position=&#8221;center&#8221; bottom_padding=&#8221;4%&#8221; constrain_group_2=&#8221;yes&#8221; bottom_padding_phone=&#8221;15%&#8221; top_margin_phone=&#8221;15%&#8221; constrain_group_11=&#8221;yes&#8221; bottom_margin_phone=&#8221;15%&#8221; text_color=&#8221;dark&#8221; text_align=&#8221;left&#8221; row_border_radius=&#8221;none&#8221; row_border_radius_applies=&#8221;bg&#8221; overflow=&#8221;visible&#8221; overlay_strength=&#8221;0.3&#8243; gradient_direction=&#8221;left_to_right&#8221; shape_divider_position=&#8221;bottom&#8221; bg_image_animation=&#8221;none&#8221; gradient_type=&#8221;default&#8221; shape_type=&#8221;&#8221;][vc_column column_padding=&#8221;padding-5-percent&#8221; column_padding_tablet=&#8221;inherit&#8221; column_padding_phone=&#8221;padding-3-percent&#8221; column_padding_position=&#8221;all&#8221; top_margin=&#8221;-3%&#8221; column_element_direction_desktop=&#8221;default&#8221; column_element_spacing=&#8221;default&#8221; desktop_text_alignment=&#8221;default&#8221; tablet_text_alignment=&#8221;default&#8221; phone_text_alignment=&#8221;default&#8221; background_color=&#8221;#e6e1dc&#8221; background_color_opacity=&#8221;1&#8243; background_hover_color_opacity=&#8221;1&#8243; column_backdrop_filter=&#8221;none&#8221; column_shadow=&#8221;none&#8221; column_border_radius=&#8221;none&#8221; column_link_target=&#8221;_self&#8221; column_position=&#8221;default&#8221; gradient_direction=&#8221;left_to_right&#8221; overlay_strength=&#8221;0.3&#8243; width=&#8221;1\/1&#8243; tablet_width_inherit=&#8221;default&#8221; animation_type=&#8221;default&#8221; bg_image_animation=&#8221;none&#8221; border_type=&#8221;simple&#8221; column_border_width=&#8221;none&#8221; column_border_style=&#8221;solid&#8221; column_padding_type=&#8221;default&#8221; gradient_type=&#8221;default&#8221;][toggles style=&#8221;minimal&#8221;][toggle color=&#8221;Accent-Color&#8221; heading_tag=&#8221;h5&#8243; heading_tag_functionality=&#8221;default&#8221; title=&#8221;Ankomst med bil&#8221;][vc_column_text css=&#8221;&#8221; text_direction=&#8221;default&#8221;]<a href=\"https:\/\/goo.gl\/maps\/cFZy6DsGWrQo3p8o8\" target=\"_blank\" rel=\"noopener\">Fr\u00e5n Helsingfors<\/a><\/p>\n<p><a href=\"https:\/\/goo.gl\/maps\/6566jmSihH6nEVkG9\" target=\"_blank\" rel=\"noopener\">Fr\u00e5n Tammerfors<\/a><\/p>\n<p><a href=\"https:\/\/goo.gl\/maps\/J5naSy5t7Unjv3eE6\" target=\"_blank\" rel=\"noopener\">Fr\u00e5n Raumo<\/a><\/p>\n<p><a href=\"https:\/\/goo.gl\/maps\/j5chzcAMK6amgVa79\" target=\"_blank\" rel=\"noopener\">Fr\u00e5n Tavestehus<\/a><\/p>\n<p><a href=\"https:\/\/goo.gl\/maps\/U5rEgSMwdigqAoou9\" target=\"_blank\" rel=\"noopener\">Fr\u00e5n \u00c5bo Hamn<\/a>[\/vc_column_text][\/toggle][toggle color=&#8221;Accent-Color&#8221; heading_tag=&#8221;h5&#8243; heading_tag_functionality=&#8221;default&#8221; title=&#8221;Ankomst med buss&#8221;][vc_column_text css=&#8221;&#8221; text_direction=&#8221;default&#8221;]Den mest exakta och aktuella informationen om tidtabeller och bussrutter hittar du p\u00e5 <a href=\"https:\/\/www.foli.fi\/fi\">F\u00f6lis webbplats<\/a> eller i <a href=\"https:\/\/reittiopas.foli.fi\/?locale=fi\">F\u00f6lis reseplanerare<\/a>.[\/vc_column_text][\/toggle][toggle color=&#8221;Accent-Color&#8221; heading_tag=&#8221;h5&#8243; heading_tag_functionality=&#8221;default&#8221; title=&#8221;Ankomst med taxi&#8221;][vc_column_text css=&#8221;&#8221; text_direction=&#8221;default&#8221;]Det finns taxistationer vid j\u00e4rnv\u00e4gsstationerna, hamnen, i centrum n\u00e4ra Salutorget och vid flygplatsen. Taxi kan ocks\u00e5 best\u00e4llas per telefon. Numret till Lounais-Suomen Taxidata \u00e4r <a href=\"tel:+35820010041\">0200 100 41<\/a>. <br \/>Bolt och Uber finns ocks\u00e5 i \u00c5bo.[\/vc_column_text][\/toggle][\/toggles][\/vc_column][\/vc_row]\n","protected":false},"excerpt":{"rendered":"<p>[vc_row type=&#8221;full_width_background&#8221; full_screen_row_position=&#8221;middle&#8221; column_margin=&#8221;default&#8221; column_direction=&#8221;default&#8221; column_direction_tablet=&#8221;default&#8221; column_direction_phone=&#8221;default&#8221; bg_color=&#8221;#728460&#8243; scene_position=&#8221;center&#8221; top_margin=&#8221;60&#8243; text_color=&#8221;dark&#8221; text_align=&#8221;left&#8221; row_border_radius=&#8221;none&#8221; row_border_radius_applies=&#8221;bg&#8221; overflow=&#8221;visible&#8221; overlay_strength=&#8221;0.3&#8243; gradient_direction=&#8221;left_to_right&#8221; shape_divider_position=&#8221;bottom&#8221; bg_image_animation=&#8221;none&#8221; gradient_type=&#8221;default&#8221; shape_type=&#8221;&#8221;][vc_column column_padding=&#8221;no-extra-padding&#8221; column_padding_tablet=&#8221;inherit&#8221; column_padding_phone=&#8221;inherit&#8221; column_padding_position=&#8221;all&#8221; top_margin=&#8221;-60&#8243; column_element_direction_desktop=&#8221;default&#8221; column_element_spacing=&#8221;default&#8221; desktop_text_alignment=&#8221;default&#8221; tablet_text_alignment=&#8221;default&#8221;&#8230;<\/p>\n","protected":false},"author":1,"featured_media":0,"parent":0,"menu_order":0,"comment_status":"closed","ping_status":"closed","template":"","meta":{"footnotes":""},"class_list":["post-7824","page","type-page","status-publish"],"yoast_head":"<!-- This site is optimized with the Yoast SEO plugin v27.4 - https:\/\/yoast.com\/product\/yoast-seo-wordpress\/ -->\n<title>Ankomst - Hotelli Linnasm&auml;ki<\/title>\n<meta name=\"description\" content=\"Det \u00e4r enkelt att ta sig till Hotell Linnasm\u00e4ki. Utm\u00e4rkta transportf\u00f6rbindelser b\u00e5de med bil och kollektivtrafik. Gratis parkering.\" \/>\n<meta name=\"robots\" content=\"index, follow, max-snippet:-1, max-image-preview:large, max-video-preview:-1\" \/>\n<link rel=\"canonical\" href=\"https:\/\/linnasmaki.fi\/sv\/ankomst\/\" \/>\n<meta property=\"og:locale\" content=\"sv_SE\" \/>\n<meta property=\"og:type\" content=\"article\" \/>\n<meta property=\"og:title\" content=\"Ankomst - Hotelli Linnasm&auml;ki\" \/>\n<meta property=\"og:description\" content=\"Det \u00e4r enkelt att ta sig till Hotell Linnasm\u00e4ki. Utm\u00e4rkta transportf\u00f6rbindelser b\u00e5de med bil och kollektivtrafik. Gratis parkering.\" \/>\n<meta property=\"og:url\" content=\"https:\/\/linnasmaki.fi\/sv\/ankomst\/\" \/>\n<meta property=\"og:site_name\" content=\"Hotelli Linnasm&auml;ki\" \/>\n<meta property=\"article:publisher\" content=\"https:\/\/www.facebook.com\/Linnasmaki\/?locale=fi_FI\" \/>\n<meta property=\"article:modified_time\" content=\"2025-11-03T08:14:02+00:00\" \/>\n<meta name=\"twitter:card\" content=\"summary_large_image\" \/>\n<meta name=\"twitter:label1\" content=\"Ber\u00e4knad l\u00e4stid\" \/>\n\t<meta name=\"twitter:data1\" content=\"5 minuter\" \/>\n<script type=\"application\/ld+json\" class=\"yoast-schema-graph\">{\"@context\":\"https:\\\/\\\/schema.org\",\"@graph\":[{\"@type\":\"WebPage\",\"@id\":\"https:\\\/\\\/linnasmaki.fi\\\/sv\\\/ankomst\\\/\",\"url\":\"https:\\\/\\\/linnasmaki.fi\\\/sv\\\/ankomst\\\/\",\"name\":\"Ankomst - Hotelli Linnasm&auml;ki\",\"isPartOf\":{\"@id\":\"https:\\\/\\\/linnasmaki.fi\\\/sv\\\/#website\"},\"datePublished\":\"2024-10-16T07:22:07+00:00\",\"dateModified\":\"2025-11-03T08:14:02+00:00\",\"description\":\"Det \u00e4r enkelt att ta sig till Hotell Linnasm\u00e4ki. Utm\u00e4rkta transportf\u00f6rbindelser b\u00e5de med bil och kollektivtrafik. Gratis parkering.\",\"breadcrumb\":{\"@id\":\"https:\\\/\\\/linnasmaki.fi\\\/sv\\\/ankomst\\\/#breadcrumb\"},\"inLanguage\":\"sv-SE\",\"potentialAction\":[{\"@type\":\"ReadAction\",\"target\":[\"https:\\\/\\\/linnasmaki.fi\\\/sv\\\/ankomst\\\/\"]}]},{\"@type\":\"BreadcrumbList\",\"@id\":\"https:\\\/\\\/linnasmaki.fi\\\/sv\\\/ankomst\\\/#breadcrumb\",\"itemListElement\":[{\"@type\":\"ListItem\",\"position\":1,\"name\":\"Etusivu\",\"item\":\"https:\\\/\\\/linnasmaki.fi\\\/sv\\\/hotell-linnasmaki-abo\\\/\"},{\"@type\":\"ListItem\",\"position\":2,\"name\":\"Ankomst\"}]},{\"@type\":\"WebSite\",\"@id\":\"https:\\\/\\\/linnasmaki.fi\\\/sv\\\/#website\",\"url\":\"https:\\\/\\\/linnasmaki.fi\\\/sv\\\/\",\"name\":\"Hotelli Linnasm\u00e4ki\",\"description\":\"Hotelli | Kokoushotelli | Hostelli - Turku\",\"publisher\":{\"@id\":\"https:\\\/\\\/linnasmaki.fi\\\/sv\\\/#organization\"},\"potentialAction\":[{\"@type\":\"SearchAction\",\"target\":{\"@type\":\"EntryPoint\",\"urlTemplate\":\"https:\\\/\\\/linnasmaki.fi\\\/sv\\\/?s={search_term_string}\"},\"query-input\":{\"@type\":\"PropertyValueSpecification\",\"valueRequired\":true,\"valueName\":\"search_term_string\"}}],\"inLanguage\":\"sv-SE\"},{\"@type\":\"Organization\",\"@id\":\"https:\\\/\\\/linnasmaki.fi\\\/sv\\\/#organization\",\"name\":\"Kokoushotelli ja hostelli Linnasm\u00e4ki, Turku\",\"url\":\"https:\\\/\\\/linnasmaki.fi\\\/sv\\\/\",\"logo\":{\"@type\":\"ImageObject\",\"inLanguage\":\"sv-SE\",\"@id\":\"https:\\\/\\\/linnasmaki.fi\\\/sv\\\/#\\\/schema\\\/logo\\\/image\\\/\",\"url\":\"https:\\\/\\\/linnasmaki.fi\\\/wp-content\\\/uploads\\\/2024\\\/09\\\/Hotelli-Linnasmaki-Logo-FIN.svg\",\"contentUrl\":\"https:\\\/\\\/linnasmaki.fi\\\/wp-content\\\/uploads\\\/2024\\\/09\\\/Hotelli-Linnasmaki-Logo-FIN.svg\",\"width\":1,\"height\":1,\"caption\":\"Kokoushotelli ja hostelli Linnasm\u00e4ki, Turku\"},\"image\":{\"@id\":\"https:\\\/\\\/linnasmaki.fi\\\/sv\\\/#\\\/schema\\\/logo\\\/image\\\/\"},\"sameAs\":[\"https:\\\/\\\/www.facebook.com\\\/Linnasmaki\\\/?locale=fi_FI\"]}]}<\/script>\n<!-- \/ Yoast SEO plugin. -->","yoast_head_json":{"title":"Ankomst - Hotelli Linnasm&auml;ki","description":"Det \u00e4r enkelt att ta sig till Hotell Linnasm\u00e4ki. Utm\u00e4rkta transportf\u00f6rbindelser b\u00e5de med bil och kollektivtrafik. Gratis parkering.","robots":{"index":"index","follow":"follow","max-snippet":"max-snippet:-1","max-image-preview":"max-image-preview:large","max-video-preview":"max-video-preview:-1"},"canonical":"https:\/\/linnasmaki.fi\/sv\/ankomst\/","og_locale":"sv_SE","og_type":"article","og_title":"Ankomst - Hotelli Linnasm&auml;ki","og_description":"Det \u00e4r enkelt att ta sig till Hotell Linnasm\u00e4ki. Utm\u00e4rkta transportf\u00f6rbindelser b\u00e5de med bil och kollektivtrafik. Gratis parkering.","og_url":"https:\/\/linnasmaki.fi\/sv\/ankomst\/","og_site_name":"Hotelli Linnasm&auml;ki","article_publisher":"https:\/\/www.facebook.com\/Linnasmaki\/?locale=fi_FI","article_modified_time":"2025-11-03T08:14:02+00:00","twitter_card":"summary_large_image","twitter_misc":{"Ber\u00e4knad l\u00e4stid":"5 minuter"},"schema":{"@context":"https:\/\/schema.org","@graph":[{"@type":"WebPage","@id":"https:\/\/linnasmaki.fi\/sv\/ankomst\/","url":"https:\/\/linnasmaki.fi\/sv\/ankomst\/","name":"Ankomst - Hotelli Linnasm&auml;ki","isPartOf":{"@id":"https:\/\/linnasmaki.fi\/sv\/#website"},"datePublished":"2024-10-16T07:22:07+00:00","dateModified":"2025-11-03T08:14:02+00:00","description":"Det \u00e4r enkelt att ta sig till Hotell Linnasm\u00e4ki. Utm\u00e4rkta transportf\u00f6rbindelser b\u00e5de med bil och kollektivtrafik. Gratis parkering.","breadcrumb":{"@id":"https:\/\/linnasmaki.fi\/sv\/ankomst\/#breadcrumb"},"inLanguage":"sv-SE","potentialAction":[{"@type":"ReadAction","target":["https:\/\/linnasmaki.fi\/sv\/ankomst\/"]}]},{"@type":"BreadcrumbList","@id":"https:\/\/linnasmaki.fi\/sv\/ankomst\/#breadcrumb","itemListElement":[{"@type":"ListItem","position":1,"name":"Etusivu","item":"https:\/\/linnasmaki.fi\/sv\/hotell-linnasmaki-abo\/"},{"@type":"ListItem","position":2,"name":"Ankomst"}]},{"@type":"WebSite","@id":"https:\/\/linnasmaki.fi\/sv\/#website","url":"https:\/\/linnasmaki.fi\/sv\/","name":"Hotelli Linnasm\u00e4ki","description":"Hotelli | Kokoushotelli | Hostelli - Turku","publisher":{"@id":"https:\/\/linnasmaki.fi\/sv\/#organization"},"potentialAction":[{"@type":"SearchAction","target":{"@type":"EntryPoint","urlTemplate":"https:\/\/linnasmaki.fi\/sv\/?s={search_term_string}"},"query-input":{"@type":"PropertyValueSpecification","valueRequired":true,"valueName":"search_term_string"}}],"inLanguage":"sv-SE"},{"@type":"Organization","@id":"https:\/\/linnasmaki.fi\/sv\/#organization","name":"Kokoushotelli ja hostelli Linnasm\u00e4ki, Turku","url":"https:\/\/linnasmaki.fi\/sv\/","logo":{"@type":"ImageObject","inLanguage":"sv-SE","@id":"https:\/\/linnasmaki.fi\/sv\/#\/schema\/logo\/image\/","url":"https:\/\/linnasmaki.fi\/wp-content\/uploads\/2024\/09\/Hotelli-Linnasmaki-Logo-FIN.svg","contentUrl":"https:\/\/linnasmaki.fi\/wp-content\/uploads\/2024\/09\/Hotelli-Linnasmaki-Logo-FIN.svg","width":1,"height":1,"caption":"Kokoushotelli ja hostelli Linnasm\u00e4ki, Turku"},"image":{"@id":"https:\/\/linnasmaki.fi\/sv\/#\/schema\/logo\/image\/"},"sameAs":["https:\/\/www.facebook.com\/Linnasmaki\/?locale=fi_FI"]}]}},"_links":{"self":[{"href":"https:\/\/linnasmaki.fi\/sv\/wp-json\/wp\/v2\/pages\/7824","targetHints":{"allow":["GET"]}}],"collection":[{"href":"https:\/\/linnasmaki.fi\/sv\/wp-json\/wp\/v2\/pages"}],"about":[{"href":"https:\/\/linnasmaki.fi\/sv\/wp-json\/wp\/v2\/types\/page"}],"author":[{"embeddable":true,"href":"https:\/\/linnasmaki.fi\/sv\/wp-json\/wp\/v2\/users\/1"}],"replies":[{"embeddable":true,"href":"https:\/\/linnasmaki.fi\/sv\/wp-json\/wp\/v2\/comments?post=7824"}],"version-history":[{"count":6,"href":"https:\/\/linnasmaki.fi\/sv\/wp-json\/wp\/v2\/pages\/7824\/revisions"}],"predecessor-version":[{"id":8436,"href":"https:\/\/linnasmaki.fi\/sv\/wp-json\/wp\/v2\/pages\/7824\/revisions\/8436"}],"wp:attachment":[{"href":"https:\/\/linnasmaki.fi\/sv\/wp-json\/wp\/v2\/media?parent=7824"}],"curies":[{"name":"wp","href":"https:\/\/api.w.org\/{rel}","templated":true}]}}