{"id":7749,"date":"2024-10-29T20:31:28","date_gmt":"2024-10-29T18:31:28","guid":{"rendered":"https:\/\/linnasmaki.fi\/tillganglighet"},"modified":"2026-04-16T09:20:28","modified_gmt":"2026-04-16T06:20:28","slug":"tillganglighet","status":"publish","type":"page","link":"https:\/\/linnasmaki.fi\/sv\/tillganglighet\/","title":{"rendered":"Tillg\u00e4nglighet"},"content":{"rendered":"[vc_row type=&#8221;full_width_background&#8221; full_screen_row_position=&#8221;middle&#8221; column_margin=&#8221;default&#8221; column_direction=&#8221;default&#8221; column_direction_tablet=&#8221;default&#8221; column_direction_phone=&#8221;default&#8221; bg_color=&#8221;#728460&#8243; scene_position=&#8221;center&#8221; top_margin=&#8221;60&#8243; text_color=&#8221;dark&#8221; text_align=&#8221;left&#8221; row_border_radius=&#8221;none&#8221; row_border_radius_applies=&#8221;bg&#8221; row_position_desktop=&#8221;default&#8221; row_position_tablet=&#8221;inherit&#8221; row_position_phone=&#8221;inherit&#8221; overflow=&#8221;visible&#8221; overlay_strength=&#8221;0.3&#8243; gradient_direction=&#8221;left_to_right&#8221; shape_divider_position=&#8221;bottom&#8221; bg_image_animation=&#8221;none&#8221; gradient_type=&#8221;default&#8221; shape_type=&#8221;&#8221;][vc_column column_padding=&#8221;no-extra-padding&#8221; column_padding_tablet=&#8221;inherit&#8221; column_padding_phone=&#8221;inherit&#8221; column_padding_position=&#8221;all&#8221; top_margin=&#8221;-60&#8243; flex_gap_desktop=&#8221;10px&#8221; column_element_direction_desktop=&#8221;default&#8221; column_element_spacing=&#8221;default&#8221; desktop_text_alignment=&#8221;default&#8221; tablet_text_alignment=&#8221;default&#8221; phone_text_alignment=&#8221;default&#8221; background_color_opacity=&#8221;1&#8243; background_hover_color_opacity=&#8221;1&#8243; column_backdrop_filter=&#8221;none&#8221; column_shadow=&#8221;none&#8221; column_border_radius=&#8221;none&#8221; column_link_target=&#8221;_self&#8221; column_position=&#8221;default&#8221; gradient_direction=&#8221;left_to_right&#8221; overlay_strength=&#8221;0.3&#8243; width=&#8221;1\/1&#8243; tablet_width_inherit=&#8221;default&#8221; animation_type=&#8221;default&#8221; bg_image_animation=&#8221;none&#8221; border_type=&#8221;simple&#8221; column_border_width=&#8221;none&#8221; column_border_style=&#8221;solid&#8221; column_padding_type=&#8221;default&#8221; gradient_type=&#8221;default&#8221;][vc_row_inner column_margin=&#8221;default&#8221; column_direction=&#8221;default&#8221; column_direction_tablet=&#8221;default&#8221; column_direction_phone=&#8221;default&#8221; text_align=&#8221;left&#8221; row_position=&#8221;default&#8221; row_position_tablet=&#8221;inherit&#8221; row_position_phone=&#8221;inherit&#8221; overflow=&#8221;visible&#8221; pointer_events=&#8221;all&#8221;][vc_column_inner column_padding=&#8221;no-extra-padding&#8221; column_padding_tablet=&#8221;inherit&#8221; column_padding_phone=&#8221;inherit&#8221; column_padding_position=&#8221;all&#8221; flex_gap_desktop=&#8221;10px&#8221; column_element_direction_desktop=&#8221;default&#8221; column_element_spacing=&#8221;default&#8221; desktop_text_alignment=&#8221;default&#8221; tablet_text_alignment=&#8221;default&#8221; phone_text_alignment=&#8221;default&#8221; background_color_opacity=&#8221;1&#8243; background_hover_color_opacity=&#8221;1&#8243; column_backdrop_filter=&#8221;none&#8221; column_shadow=&#8221;none&#8221; column_border_radius=&#8221;none&#8221; column_link_target=&#8221;_self&#8221; overflow=&#8221;visible&#8221; gradient_direction=&#8221;left_to_right&#8221; overlay_strength=&#8221;0.3&#8243; width=&#8221;1\/1&#8243; tablet_width_inherit=&#8221;default&#8221; animation_type=&#8221;default&#8221; bg_image_animation=&#8221;none&#8221; border_type=&#8221;simple&#8221; column_border_width=&#8221;none&#8221; column_border_style=&#8221;solid&#8221; column_padding_type=&#8221;default&#8221; gradient_type=&#8221;default&#8221; offset=&#8221;vc_hidden-xs&#8221;][image_with_animation image_url=&#8221;6831&#8243; image_size=&#8221;full&#8221; max_width=&#8221;100%&#8221; max_width_mobile=&#8221;default&#8221; animation_type=&#8221;entrance&#8221; animation=&#8221;None&#8221; animation_movement_type=&#8221;transform_y&#8221; hover_animation=&#8221;none&#8221; alignment=&#8221;&#8221; border_radius=&#8221;none&#8221; box_shadow=&#8221;none&#8221; image_loading=&#8221;default&#8221;][\/vc_column_inner][\/vc_row_inner][vc_row_inner column_margin=&#8221;default&#8221; column_direction=&#8221;default&#8221; column_direction_tablet=&#8221;default&#8221; column_direction_phone=&#8221;default&#8221; text_align=&#8221;left&#8221; row_position=&#8221;default&#8221; row_position_tablet=&#8221;inherit&#8221; row_position_phone=&#8221;inherit&#8221; overflow=&#8221;visible&#8221; pointer_events=&#8221;all&#8221;][vc_column_inner column_padding=&#8221;no-extra-padding&#8221; column_padding_tablet=&#8221;inherit&#8221; column_padding_phone=&#8221;inherit&#8221; column_padding_position=&#8221;all&#8221; flex_gap_desktop=&#8221;10px&#8221; column_element_direction_desktop=&#8221;default&#8221; column_element_spacing=&#8221;default&#8221; desktop_text_alignment=&#8221;default&#8221; tablet_text_alignment=&#8221;default&#8221; phone_text_alignment=&#8221;default&#8221; background_color_opacity=&#8221;1&#8243; background_hover_color_opacity=&#8221;1&#8243; column_backdrop_filter=&#8221;none&#8221; column_shadow=&#8221;none&#8221; column_border_radius=&#8221;none&#8221; column_link_target=&#8221;_self&#8221; overflow=&#8221;visible&#8221; gradient_direction=&#8221;left_to_right&#8221; overlay_strength=&#8221;0.3&#8243; width=&#8221;1\/1&#8243; tablet_width_inherit=&#8221;default&#8221; animation_type=&#8221;default&#8221; bg_image_animation=&#8221;none&#8221; border_type=&#8221;simple&#8221; column_border_width=&#8221;none&#8221; column_border_style=&#8221;solid&#8221; column_padding_type=&#8221;default&#8221; gradient_type=&#8221;default&#8221; offset=&#8221;vc_hidden-lg vc_hidden-md vc_hidden-sm&#8221;][image_with_animation image_url=&#8221;6832&#8243; image_size=&#8221;full&#8221; max_width=&#8221;100%&#8221; max_width_mobile=&#8221;default&#8221; animation_type=&#8221;entrance&#8221; animation=&#8221;None&#8221; animation_movement_type=&#8221;transform_y&#8221; hover_animation=&#8221;none&#8221; alignment=&#8221;&#8221; border_radius=&#8221;none&#8221; box_shadow=&#8221;none&#8221; image_loading=&#8221;default&#8221;][\/vc_column_inner][\/vc_row_inner][\/vc_column][\/vc_row][vc_row type=&#8221;full_width_background&#8221; full_screen_row_position=&#8221;middle&#8221; column_margin=&#8221;default&#8221; column_direction=&#8221;default&#8221; column_direction_tablet=&#8221;default&#8221; column_direction_phone=&#8221;default&#8221; bg_color=&#8221;#728460&#8243; scene_position=&#8221;center&#8221; top_padding=&#8221;4%&#8221; bottom_padding=&#8221;4%&#8221; right_padding_desktop=&#8221;3%&#8221; bottom_padding_phone=&#8221;15%&#8221; text_color=&#8221;light&#8221; text_align=&#8221;left&#8221; row_border_radius=&#8221;none&#8221; row_border_radius_applies=&#8221;bg&#8221; row_position_desktop=&#8221;default&#8221; row_position_tablet=&#8221;inherit&#8221; row_position_phone=&#8221;inherit&#8221; overflow=&#8221;visible&#8221; overlay_strength=&#8221;0.3&#8243; gradient_direction=&#8221;left_to_right&#8221; shape_divider_position=&#8221;bottom&#8221; bg_image_animation=&#8221;none&#8221; gradient_type=&#8221;default&#8221; shape_type=&#8221;&#8221;][vc_column column_padding=&#8221;no-extra-padding&#8221; column_padding_tablet=&#8221;inherit&#8221; column_padding_phone=&#8221;inherit&#8221; column_padding_position=&#8221;all&#8221; flex_gap_desktop=&#8221;10px&#8221; column_element_direction_desktop=&#8221;default&#8221; column_element_spacing=&#8221;default&#8221; desktop_text_alignment=&#8221;default&#8221; tablet_text_alignment=&#8221;default&#8221; phone_text_alignment=&#8221;default&#8221; background_color_opacity=&#8221;1&#8243; background_hover_color_opacity=&#8221;1&#8243; column_backdrop_filter=&#8221;none&#8221; column_shadow=&#8221;none&#8221; column_border_radius=&#8221;none&#8221; column_link_target=&#8221;_self&#8221; column_position=&#8221;default&#8221; gradient_direction=&#8221;left_to_right&#8221; overlay_strength=&#8221;0.3&#8243; width=&#8221;1\/1&#8243; tablet_width_inherit=&#8221;default&#8221; animation_type=&#8221;default&#8221; bg_image_animation=&#8221;none&#8221; border_type=&#8221;simple&#8221; column_border_width=&#8221;none&#8221; column_border_style=&#8221;solid&#8221;][nectar_responsive_text inherited_font_style=&#8221;default&#8221; text_color=&#8221;#ffffff&#8221; text_direction=&#8221;default&#8221;]\n<h1>Tillg\u00e4nglighet<\/h1>\n[\/nectar_responsive_text][vc_row_inner column_margin=&#8221;80px&#8221; column_direction=&#8221;default&#8221; column_direction_tablet=&#8221;default&#8221; column_direction_phone=&#8221;default&#8221; top_padding=&#8221;2%&#8221; text_align=&#8221;left&#8221; row_position=&#8221;default&#8221; row_position_tablet=&#8221;inherit&#8221; row_position_phone=&#8221;inherit&#8221; overflow=&#8221;visible&#8221; pointer_events=&#8221;all&#8221;][vc_column_inner column_padding=&#8221;no-extra-padding&#8221; column_padding_tablet=&#8221;inherit&#8221; column_padding_phone=&#8221;inherit&#8221; column_padding_position=&#8221;all&#8221; flex_gap_desktop=&#8221;10px&#8221; column_element_direction_desktop=&#8221;default&#8221; column_element_spacing=&#8221;default&#8221; desktop_text_alignment=&#8221;default&#8221; tablet_text_alignment=&#8221;default&#8221; phone_text_alignment=&#8221;default&#8221; background_color_opacity=&#8221;1&#8243; background_hover_color_opacity=&#8221;1&#8243; column_backdrop_filter=&#8221;none&#8221; column_shadow=&#8221;none&#8221; column_border_radius=&#8221;none&#8221; column_link_target=&#8221;_self&#8221; overflow=&#8221;visible&#8221; gradient_direction=&#8221;left_to_right&#8221; overlay_strength=&#8221;0.3&#8243; width=&#8221;1\/2&#8243; tablet_width_inherit=&#8221;default&#8221; animation_type=&#8221;default&#8221; bg_image_animation=&#8221;none&#8221; border_type=&#8221;simple&#8221; column_border_width=&#8221;none&#8221; column_border_style=&#8221;solid&#8221;][vc_column_text css=&#8221;&#8221; text_direction=&#8221;default&#8221;]\n<h4>Alla \u00e4r v\u00e4lkomna hos oss och vi hj\u00e4lper till p\u00e5 b\u00e4sta m\u00f6jliga s\u00e4tt<\/h4>\n<p>Oavsett om du har syn- eller h\u00f6rselneds\u00e4ttning, allergi eller anv\u00e4nder rullstol har vi sett till att du k\u00e4nner dig som hemma. Beh\u00f6ver du h\u00f6rslinga till m\u00f6tet eller kanske specialkost tar vi h\u00e4nsyn till dina behov under hela din vistelse p\u00e5 hotellet. <\/p>\n<h4>Ankomst<\/h4>\n<p>Avl\u00e4mning med bil kan ske vid huvudentr\u00e9n. Tillg\u00e4ngliga parkeringsplatser f\u00f6r g\u00e4ster som kommer med egen bil finns cirka 110 meter fr\u00e5n huvudentr\u00e9n. Parkeringsplatserna \u00e4r m\u00e4rkta med rullstolssymbol. G\u00e5ngv\u00e4garna till parkeringsplatsen \u00e4r j\u00e4mna, asfalterade och upplysta. Gatuunderh\u00e5llet sker \u00e5ret runt och entr\u00e9n \u00e4r upplyst. Tr\u00f6skeln vid ytterd\u00f6rren \u00e4r 2 cm och d\u00f6rren \u00e4r minst 85 cm bred. Vindf\u00e5nget \u00e4r rymligt och det finns gott om plats att v\u00e4nda i. F\u00f6r personer med nedsatt r\u00f6rlighet eller synneds\u00e4ttning finns r\u00e4cken b\u00e5de i trappor och p\u00e5 g\u00e5ngv\u00e4gar utomhus. Handledare och belysning fungerar automatiskt.        <\/p>\n<h4>Rum<\/h4>\n<p>Linnasm\u00e4ki har tv\u00e5 helt tillg\u00e4ngliga rum som \u00e4r l\u00e4mpliga f\u00f6r r\u00f6relsehindrade g\u00e4ster och deras assistenter (rum 150 och 151). Den fria d\u00f6rrbredden \u00e4r 89 cm och det finns inga tr\u00f6sklar. G\u00e5ngv\u00e4garna \u00e4r 90 cm breda och det finns 150 cm sv\u00e4ngutrymme p\u00e5 b\u00e5da sidor. M\u00f6bler kan flyttas vid behov. Kl\u00e4dkrokarna sitter p\u00e5 132 cm h\u00f6jd. Badrummets fria bredd \u00e4r 85 cm. Rummen har l\u00e5ga handtag p\u00e5 d\u00f6rrarna, h\u00f6ga toalettstolar och handtag. Duschstol tillhandah\u00e5lls p\u00e5 beg\u00e4ran. I receptionen finns blinkande d\u00f6rrklocka och vibrerande larm f\u00f6r h\u00f6rselnedsatta. Minst 5% av de \u00f6vriga hotellrummen \u00e4r tillg\u00e4ngliga.[\/vc_column_text][\/vc_column_inner][vc_column_inner column_padding=&#8221;no-extra-padding&#8221; column_padding_tablet=&#8221;inherit&#8221; column_padding_phone=&#8221;inherit&#8221; column_padding_position=&#8221;all&#8221; flex_gap_desktop=&#8221;10px&#8221; column_element_direction_desktop=&#8221;default&#8221; column_element_spacing=&#8221;default&#8221; desktop_text_alignment=&#8221;default&#8221; tablet_text_alignment=&#8221;default&#8221; phone_text_alignment=&#8221;default&#8221; background_color_opacity=&#8221;1&#8243; background_hover_color_opacity=&#8221;1&#8243; column_backdrop_filter=&#8221;none&#8221; column_shadow=&#8221;none&#8221; column_border_radius=&#8221;none&#8221; column_link_target=&#8221;_self&#8221; overflow=&#8221;visible&#8221; gradient_direction=&#8221;left_to_right&#8221; overlay_strength=&#8221;0.3&#8243; width=&#8221;1\/2&#8243; tablet_width_inherit=&#8221;default&#8221; animation_type=&#8221;default&#8221; bg_image_animation=&#8221;none&#8221; border_type=&#8221;simple&#8221; column_border_width=&#8221;none&#8221; column_border_style=&#8221;solid&#8221;][vc_column_text css=&#8221;&#8221; text_direction=&#8221;default&#8221;]\n<h4>Allm\u00e4nna utrymmen och konferenslokaler<\/h4>\n<p>Alla v\u00e5ra m\u00f6teslokaler och den stora auditoriet \u00e4r tillg\u00e4ngliga med rullstol. Restaurangen \u00e4r tillg\u00e4nglig och personalen hj\u00e4lper till vid serveringen vid behov. M\u00f6blerna \u00e4r flyttbara. Caf\u00e9diskens h\u00f6jd \u00e4r 93 cm och buff\u00e9bordets h\u00f6jd \u00e4r 90 cm. V\u00e5r personal hj\u00e4lper till vid behov. Terrassen \u00e4r ocks\u00e5 tillg\u00e4nglig med rullstol.     <\/p>\n<p>I de offentliga utrymmena finns sju tillg\u00e4ngliga toaletter. Skyltarna har tydligt urskiljbara f\u00e4rger och i vissa utrymmen anv\u00e4nds symboler. I m\u00f6teslokalerna finns inga helt\u00e4ckningsmattor. I de allm\u00e4nna utrymmena finns gott om plats att v\u00e4nda \u00e4ven med rullstol. I vissa utrymmen finns h\u00f6rslingor.    <\/p>\n<h4>Bastuavdelning<\/h4>\n<p>V\u00e5r st\u00f6rre bastuavdelning \u00e4r tillg\u00e4nglig och har en tillg\u00e4nglig dusch och toalett. Bastuavdelningen m\u00e5ste bokas separat och\/eller det b\u00f6r n\u00e4mnas vid bokningen om man anv\u00e4nder rullstol. Simbass\u00e4ngen har ingen ramp, endast trappor.[\/vc_column_text][\/vc_column_inner][\/vc_row_inner][\/vc_column][\/vc_row]\n","protected":false},"excerpt":{"rendered":"<p>[vc_row type=&#8221;full_width_background&#8221; full_screen_row_position=&#8221;middle&#8221; column_margin=&#8221;default&#8221; column_direction=&#8221;default&#8221; column_direction_tablet=&#8221;default&#8221; column_direction_phone=&#8221;default&#8221; bg_color=&#8221;#728460&#8243; scene_position=&#8221;center&#8221; top_margin=&#8221;60&#8243; text_color=&#8221;dark&#8221; text_align=&#8221;left&#8221; row_border_radius=&#8221;none&#8221; row_border_radius_applies=&#8221;bg&#8221; row_position_desktop=&#8221;default&#8221; row_position_tablet=&#8221;inherit&#8221; row_position_phone=&#8221;inherit&#8221; overflow=&#8221;visible&#8221; overlay_strength=&#8221;0.3&#8243; gradient_direction=&#8221;left_to_right&#8221; shape_divider_position=&#8221;bottom&#8221; bg_image_animation=&#8221;none&#8221; gradient_type=&#8221;default&#8221; shape_type=&#8221;&#8221;][vc_column column_padding=&#8221;no-extra-padding&#8221; column_padding_tablet=&#8221;inherit&#8221; column_padding_phone=&#8221;inherit&#8221; column_padding_position=&#8221;all&#8221; top_margin=&#8221;-60&#8243; flex_gap_desktop=&#8221;10px&#8221;&#8230;<\/p>\n","protected":false},"author":1,"featured_media":0,"parent":0,"menu_order":0,"comment_status":"closed","ping_status":"closed","template":"","meta":{"footnotes":""},"class_list":["post-7749","page","type-page","status-publish"],"yoast_head":"<!-- This site is optimized with the Yoast SEO plugin v27.4 - https:\/\/yoast.com\/product\/yoast-seo-wordpress\/ -->\n<title>Tillg\u00e4nglighet - Hotelli Linnasm&auml;ki<\/title>\n<meta name=\"description\" content=\"Tillg\u00e4nglighet har beaktats p\u00e5 Hotell Linnasm\u00e4ki. Oavsett om du har syn- eller h\u00f6rselneds\u00e4ttning, allergier eller anv\u00e4nder rullstol.\" \/>\n<meta name=\"robots\" content=\"index, follow, max-snippet:-1, max-image-preview:large, max-video-preview:-1\" \/>\n<link rel=\"canonical\" href=\"https:\/\/linnasmaki.fi\/sv\/tillganglighet\/\" \/>\n<meta property=\"og:locale\" content=\"sv_SE\" \/>\n<meta property=\"og:type\" content=\"article\" \/>\n<meta property=\"og:title\" content=\"Tillg\u00e4nglighet - Hotelli Linnasm&auml;ki\" \/>\n<meta property=\"og:description\" content=\"Tillg\u00e4nglighet har beaktats p\u00e5 Hotell Linnasm\u00e4ki. Oavsett om du har syn- eller h\u00f6rselneds\u00e4ttning, allergier eller anv\u00e4nder rullstol.\" \/>\n<meta property=\"og:url\" content=\"https:\/\/linnasmaki.fi\/sv\/tillganglighet\/\" \/>\n<meta property=\"og:site_name\" content=\"Hotelli Linnasm&auml;ki\" \/>\n<meta property=\"article:publisher\" content=\"https:\/\/www.facebook.com\/Linnasmaki\/?locale=fi_FI\" \/>\n<meta property=\"article:modified_time\" content=\"2026-04-16T06:20:28+00:00\" \/>\n<meta name=\"twitter:card\" content=\"summary_large_image\" \/>\n<meta name=\"twitter:label1\" content=\"Ber\u00e4knad l\u00e4stid\" \/>\n\t<meta name=\"twitter:data1\" content=\"7 minuter\" \/>\n<script type=\"application\/ld+json\" class=\"yoast-schema-graph\">{\"@context\":\"https:\\\/\\\/schema.org\",\"@graph\":[{\"@type\":\"WebPage\",\"@id\":\"https:\\\/\\\/linnasmaki.fi\\\/sv\\\/tillganglighet\\\/\",\"url\":\"https:\\\/\\\/linnasmaki.fi\\\/sv\\\/tillganglighet\\\/\",\"name\":\"Tillg\u00e4nglighet - Hotelli Linnasm&auml;ki\",\"isPartOf\":{\"@id\":\"https:\\\/\\\/linnasmaki.fi\\\/sv\\\/#website\"},\"datePublished\":\"2024-10-29T18:31:28+00:00\",\"dateModified\":\"2026-04-16T06:20:28+00:00\",\"description\":\"Tillg\u00e4nglighet har beaktats p\u00e5 Hotell Linnasm\u00e4ki. Oavsett om du har syn- eller h\u00f6rselneds\u00e4ttning, allergier eller anv\u00e4nder rullstol.\",\"breadcrumb\":{\"@id\":\"https:\\\/\\\/linnasmaki.fi\\\/sv\\\/tillganglighet\\\/#breadcrumb\"},\"inLanguage\":\"sv-SE\",\"potentialAction\":[{\"@type\":\"ReadAction\",\"target\":[\"https:\\\/\\\/linnasmaki.fi\\\/sv\\\/tillganglighet\\\/\"]}]},{\"@type\":\"BreadcrumbList\",\"@id\":\"https:\\\/\\\/linnasmaki.fi\\\/sv\\\/tillganglighet\\\/#breadcrumb\",\"itemListElement\":[{\"@type\":\"ListItem\",\"position\":1,\"name\":\"Etusivu\",\"item\":\"https:\\\/\\\/linnasmaki.fi\\\/sv\\\/hotell-linnasmaki-abo\\\/\"},{\"@type\":\"ListItem\",\"position\":2,\"name\":\"Tillg\u00e4nglighet\"}]},{\"@type\":\"WebSite\",\"@id\":\"https:\\\/\\\/linnasmaki.fi\\\/sv\\\/#website\",\"url\":\"https:\\\/\\\/linnasmaki.fi\\\/sv\\\/\",\"name\":\"Hotelli Linnasm\u00e4ki\",\"description\":\"Hotelli | Kokoushotelli | Hostelli - Turku\",\"publisher\":{\"@id\":\"https:\\\/\\\/linnasmaki.fi\\\/sv\\\/#organization\"},\"potentialAction\":[{\"@type\":\"SearchAction\",\"target\":{\"@type\":\"EntryPoint\",\"urlTemplate\":\"https:\\\/\\\/linnasmaki.fi\\\/sv\\\/?s={search_term_string}\"},\"query-input\":{\"@type\":\"PropertyValueSpecification\",\"valueRequired\":true,\"valueName\":\"search_term_string\"}}],\"inLanguage\":\"sv-SE\"},{\"@type\":\"Organization\",\"@id\":\"https:\\\/\\\/linnasmaki.fi\\\/sv\\\/#organization\",\"name\":\"Kokoushotelli ja hostelli Linnasm\u00e4ki, Turku\",\"url\":\"https:\\\/\\\/linnasmaki.fi\\\/sv\\\/\",\"logo\":{\"@type\":\"ImageObject\",\"inLanguage\":\"sv-SE\",\"@id\":\"https:\\\/\\\/linnasmaki.fi\\\/sv\\\/#\\\/schema\\\/logo\\\/image\\\/\",\"url\":\"https:\\\/\\\/linnasmaki.fi\\\/wp-content\\\/uploads\\\/2024\\\/09\\\/Hotelli-Linnasmaki-Logo-FIN.svg\",\"contentUrl\":\"https:\\\/\\\/linnasmaki.fi\\\/wp-content\\\/uploads\\\/2024\\\/09\\\/Hotelli-Linnasmaki-Logo-FIN.svg\",\"width\":1,\"height\":1,\"caption\":\"Kokoushotelli ja hostelli Linnasm\u00e4ki, Turku\"},\"image\":{\"@id\":\"https:\\\/\\\/linnasmaki.fi\\\/sv\\\/#\\\/schema\\\/logo\\\/image\\\/\"},\"sameAs\":[\"https:\\\/\\\/www.facebook.com\\\/Linnasmaki\\\/?locale=fi_FI\"]}]}<\/script>\n<!-- \/ Yoast SEO plugin. -->","yoast_head_json":{"title":"Tillg\u00e4nglighet - Hotelli Linnasm&auml;ki","description":"Tillg\u00e4nglighet har beaktats p\u00e5 Hotell Linnasm\u00e4ki. Oavsett om du har syn- eller h\u00f6rselneds\u00e4ttning, allergier eller anv\u00e4nder rullstol.","robots":{"index":"index","follow":"follow","max-snippet":"max-snippet:-1","max-image-preview":"max-image-preview:large","max-video-preview":"max-video-preview:-1"},"canonical":"https:\/\/linnasmaki.fi\/sv\/tillganglighet\/","og_locale":"sv_SE","og_type":"article","og_title":"Tillg\u00e4nglighet - Hotelli Linnasm&auml;ki","og_description":"Tillg\u00e4nglighet har beaktats p\u00e5 Hotell Linnasm\u00e4ki. Oavsett om du har syn- eller h\u00f6rselneds\u00e4ttning, allergier eller anv\u00e4nder rullstol.","og_url":"https:\/\/linnasmaki.fi\/sv\/tillganglighet\/","og_site_name":"Hotelli Linnasm&auml;ki","article_publisher":"https:\/\/www.facebook.com\/Linnasmaki\/?locale=fi_FI","article_modified_time":"2026-04-16T06:20:28+00:00","twitter_card":"summary_large_image","twitter_misc":{"Ber\u00e4knad l\u00e4stid":"7 minuter"},"schema":{"@context":"https:\/\/schema.org","@graph":[{"@type":"WebPage","@id":"https:\/\/linnasmaki.fi\/sv\/tillganglighet\/","url":"https:\/\/linnasmaki.fi\/sv\/tillganglighet\/","name":"Tillg\u00e4nglighet - Hotelli Linnasm&auml;ki","isPartOf":{"@id":"https:\/\/linnasmaki.fi\/sv\/#website"},"datePublished":"2024-10-29T18:31:28+00:00","dateModified":"2026-04-16T06:20:28+00:00","description":"Tillg\u00e4nglighet har beaktats p\u00e5 Hotell Linnasm\u00e4ki. Oavsett om du har syn- eller h\u00f6rselneds\u00e4ttning, allergier eller anv\u00e4nder rullstol.","breadcrumb":{"@id":"https:\/\/linnasmaki.fi\/sv\/tillganglighet\/#breadcrumb"},"inLanguage":"sv-SE","potentialAction":[{"@type":"ReadAction","target":["https:\/\/linnasmaki.fi\/sv\/tillganglighet\/"]}]},{"@type":"BreadcrumbList","@id":"https:\/\/linnasmaki.fi\/sv\/tillganglighet\/#breadcrumb","itemListElement":[{"@type":"ListItem","position":1,"name":"Etusivu","item":"https:\/\/linnasmaki.fi\/sv\/hotell-linnasmaki-abo\/"},{"@type":"ListItem","position":2,"name":"Tillg\u00e4nglighet"}]},{"@type":"WebSite","@id":"https:\/\/linnasmaki.fi\/sv\/#website","url":"https:\/\/linnasmaki.fi\/sv\/","name":"Hotelli Linnasm\u00e4ki","description":"Hotelli | Kokoushotelli | Hostelli - Turku","publisher":{"@id":"https:\/\/linnasmaki.fi\/sv\/#organization"},"potentialAction":[{"@type":"SearchAction","target":{"@type":"EntryPoint","urlTemplate":"https:\/\/linnasmaki.fi\/sv\/?s={search_term_string}"},"query-input":{"@type":"PropertyValueSpecification","valueRequired":true,"valueName":"search_term_string"}}],"inLanguage":"sv-SE"},{"@type":"Organization","@id":"https:\/\/linnasmaki.fi\/sv\/#organization","name":"Kokoushotelli ja hostelli Linnasm\u00e4ki, Turku","url":"https:\/\/linnasmaki.fi\/sv\/","logo":{"@type":"ImageObject","inLanguage":"sv-SE","@id":"https:\/\/linnasmaki.fi\/sv\/#\/schema\/logo\/image\/","url":"https:\/\/linnasmaki.fi\/wp-content\/uploads\/2024\/09\/Hotelli-Linnasmaki-Logo-FIN.svg","contentUrl":"https:\/\/linnasmaki.fi\/wp-content\/uploads\/2024\/09\/Hotelli-Linnasmaki-Logo-FIN.svg","width":1,"height":1,"caption":"Kokoushotelli ja hostelli Linnasm\u00e4ki, Turku"},"image":{"@id":"https:\/\/linnasmaki.fi\/sv\/#\/schema\/logo\/image\/"},"sameAs":["https:\/\/www.facebook.com\/Linnasmaki\/?locale=fi_FI"]}]}},"_links":{"self":[{"href":"https:\/\/linnasmaki.fi\/sv\/wp-json\/wp\/v2\/pages\/7749","targetHints":{"allow":["GET"]}}],"collection":[{"href":"https:\/\/linnasmaki.fi\/sv\/wp-json\/wp\/v2\/pages"}],"about":[{"href":"https:\/\/linnasmaki.fi\/sv\/wp-json\/wp\/v2\/types\/page"}],"author":[{"embeddable":true,"href":"https:\/\/linnasmaki.fi\/sv\/wp-json\/wp\/v2\/users\/1"}],"replies":[{"embeddable":true,"href":"https:\/\/linnasmaki.fi\/sv\/wp-json\/wp\/v2\/comments?post=7749"}],"version-history":[{"count":3,"href":"https:\/\/linnasmaki.fi\/sv\/wp-json\/wp\/v2\/pages\/7749\/revisions"}],"predecessor-version":[{"id":9104,"href":"https:\/\/linnasmaki.fi\/sv\/wp-json\/wp\/v2\/pages\/7749\/revisions\/9104"}],"wp:attachment":[{"href":"https:\/\/linnasmaki.fi\/sv\/wp-json\/wp\/v2\/media?parent=7749"}],"curies":[{"name":"wp","href":"https:\/\/api.w.org\/{rel}","templated":true}]}}