{"id":7740,"date":"2024-11-04T18:30:33","date_gmt":"2024-11-04T16:30:33","guid":{"rendered":"https:\/\/linnasmaki.fi\/sen-ankomst"},"modified":"2026-02-12T09:38:47","modified_gmt":"2026-02-12T07:38:47","slug":"sen-ankomst","status":"publish","type":"page","link":"https:\/\/linnasmaki.fi\/sv\/sen-ankomst\/","title":{"rendered":"Sen ankomst"},"content":{"rendered":"[vc_row type=&#8221;full_width_background&#8221; full_screen_row_position=&#8221;middle&#8221; column_margin=&#8221;default&#8221; column_direction=&#8221;default&#8221; column_direction_tablet=&#8221;default&#8221; column_direction_phone=&#8221;default&#8221; bg_color=&#8221;#728460&#8243; scene_position=&#8221;center&#8221; top_margin=&#8221;60&#8243; text_color=&#8221;dark&#8221; text_align=&#8221;left&#8221; row_border_radius=&#8221;none&#8221; row_border_radius_applies=&#8221;bg&#8221; row_position_desktop=&#8221;default&#8221; row_position_tablet=&#8221;inherit&#8221; row_position_phone=&#8221;inherit&#8221; overflow=&#8221;visible&#8221; overlay_strength=&#8221;0.3&#8243; gradient_direction=&#8221;left_to_right&#8221; shape_divider_position=&#8221;bottom&#8221; bg_image_animation=&#8221;none&#8221; gradient_type=&#8221;default&#8221; shape_type=&#8221;&#8221;][vc_column column_padding=&#8221;no-extra-padding&#8221; column_padding_tablet=&#8221;inherit&#8221; column_padding_phone=&#8221;inherit&#8221; column_padding_position=&#8221;all&#8221; top_margin=&#8221;-60&#8243; flex_gap_desktop=&#8221;10px&#8221; column_element_direction_desktop=&#8221;default&#8221; column_element_spacing=&#8221;default&#8221; desktop_text_alignment=&#8221;default&#8221; tablet_text_alignment=&#8221;default&#8221; phone_text_alignment=&#8221;default&#8221; background_color_opacity=&#8221;1&#8243; background_hover_color_opacity=&#8221;1&#8243; column_backdrop_filter=&#8221;none&#8221; column_shadow=&#8221;none&#8221; column_border_radius=&#8221;none&#8221; column_link_target=&#8221;_self&#8221; column_position=&#8221;default&#8221; gradient_direction=&#8221;left_to_right&#8221; overlay_strength=&#8221;0.3&#8243; width=&#8221;1\/1&#8243; tablet_width_inherit=&#8221;default&#8221; animation_type=&#8221;default&#8221; bg_image_animation=&#8221;none&#8221; border_type=&#8221;simple&#8221; column_border_width=&#8221;none&#8221; column_border_style=&#8221;solid&#8221; column_padding_type=&#8221;default&#8221; gradient_type=&#8221;default&#8221;][\/vc_column][\/vc_row][vc_row type=&#8221;full_width_background&#8221; full_screen_row_position=&#8221;middle&#8221; column_margin=&#8221;default&#8221; column_direction=&#8221;default&#8221; column_direction_tablet=&#8221;default&#8221; column_direction_phone=&#8221;default&#8221; bg_color=&#8221;#728460&#8243; scene_position=&#8221;center&#8221; top_padding=&#8221;4%&#8221; bottom_padding=&#8221;6%&#8221; right_padding_desktop=&#8221;3%&#8221; bottom_padding_phone=&#8221;15%&#8221; text_color=&#8221;dark&#8221; text_align=&#8221;left&#8221; row_border_radius=&#8221;none&#8221; row_border_radius_applies=&#8221;bg&#8221; row_position_desktop=&#8221;default&#8221; row_position_tablet=&#8221;inherit&#8221; row_position_phone=&#8221;inherit&#8221; overflow=&#8221;visible&#8221; overlay_strength=&#8221;0.3&#8243; gradient_direction=&#8221;left_to_right&#8221; shape_divider_position=&#8221;bottom&#8221; bg_image_animation=&#8221;none&#8221; gradient_type=&#8221;default&#8221; shape_type=&#8221;&#8221;][vc_column column_padding=&#8221;no-extra-padding&#8221; column_padding_tablet=&#8221;inherit&#8221; column_padding_phone=&#8221;inherit&#8221; column_padding_position=&#8221;all&#8221; flex_gap_desktop=&#8221;10px&#8221; column_element_direction_desktop=&#8221;default&#8221; column_element_spacing=&#8221;default&#8221; desktop_text_alignment=&#8221;default&#8221; tablet_text_alignment=&#8221;default&#8221; phone_text_alignment=&#8221;default&#8221; background_color_opacity=&#8221;1&#8243; background_hover_color_opacity=&#8221;1&#8243; column_backdrop_filter=&#8221;none&#8221; column_shadow=&#8221;none&#8221; column_border_radius=&#8221;none&#8221; column_link_target=&#8221;_self&#8221; column_position=&#8221;default&#8221; gradient_direction=&#8221;left_to_right&#8221; overlay_strength=&#8221;0.3&#8243; width=&#8221;1\/2&#8243; tablet_width_inherit=&#8221;default&#8221; animation_type=&#8221;default&#8221; bg_image_animation=&#8221;none&#8221; border_type=&#8221;simple&#8221; column_border_width=&#8221;none&#8221; column_border_style=&#8221;solid&#8221;][nectar_responsive_text inherited_font_style=&#8221;default&#8221; text_color=&#8221;#ffffff&#8221; text_direction=&#8221;default&#8221;]\n<h1>Sen ankomst<\/h1>\n[\/nectar_responsive_text][\/vc_column][vc_column column_padding=&#8221;no-extra-padding&#8221; column_padding_tablet=&#8221;inherit&#8221; column_padding_phone=&#8221;inherit&#8221; column_padding_position=&#8221;all&#8221; flex_gap_desktop=&#8221;10px&#8221; column_element_direction_desktop=&#8221;default&#8221; column_element_spacing=&#8221;default&#8221; desktop_text_alignment=&#8221;default&#8221; tablet_text_alignment=&#8221;default&#8221; phone_text_alignment=&#8221;default&#8221; background_color_opacity=&#8221;1&#8243; background_hover_color_opacity=&#8221;1&#8243; column_backdrop_filter=&#8221;none&#8221; column_shadow=&#8221;none&#8221; column_border_radius=&#8221;none&#8221; column_link_target=&#8221;_self&#8221; column_position=&#8221;default&#8221; gradient_direction=&#8221;left_to_right&#8221; overlay_strength=&#8221;0.3&#8243; width=&#8221;1\/2&#8243; tablet_width_inherit=&#8221;default&#8221; animation_type=&#8221;default&#8221; bg_image_animation=&#8221;none&#8221; border_type=&#8221;simple&#8221; column_border_width=&#8221;none&#8221; column_border_style=&#8221;solid&#8221;][\/vc_column][\/vc_row][vc_row type=&#8221;in_container&#8221; full_screen_row_position=&#8221;middle&#8221; column_margin=&#8221;100px&#8221; column_direction=&#8221;default&#8221; column_direction_tablet=&#8221;default&#8221; column_direction_phone=&#8221;default&#8221; scene_position=&#8221;center&#8221; bottom_padding=&#8221;4%&#8221; constrain_group_2=&#8221;yes&#8221; bottom_padding_phone=&#8221;15%&#8221; top_margin_phone=&#8221;15%&#8221; constrain_group_11=&#8221;yes&#8221; bottom_margin_phone=&#8221;15%&#8221; text_color=&#8221;dark&#8221; text_align=&#8221;left&#8221; row_border_radius=&#8221;none&#8221; row_border_radius_applies=&#8221;bg&#8221; row_position_desktop=&#8221;default&#8221; row_position_tablet=&#8221;inherit&#8221; row_position_phone=&#8221;inherit&#8221; overflow=&#8221;visible&#8221; overlay_strength=&#8221;0.3&#8243; gradient_direction=&#8221;left_to_right&#8221; shape_divider_position=&#8221;bottom&#8221; bg_image_animation=&#8221;none&#8221; gradient_type=&#8221;default&#8221; shape_type=&#8221;&#8221;][vc_column column_padding=&#8221;padding-5-percent&#8221; column_padding_tablet=&#8221;inherit&#8221; column_padding_phone=&#8221;padding-3-percent&#8221; column_padding_position=&#8221;all&#8221; top_margin=&#8221;-3%&#8221; flex_gap_desktop=&#8221;10px&#8221; column_element_direction_desktop=&#8221;default&#8221; column_element_spacing=&#8221;default&#8221; desktop_text_alignment=&#8221;default&#8221; tablet_text_alignment=&#8221;default&#8221; phone_text_alignment=&#8221;default&#8221; background_color=&#8221;#e6e1dc&#8221; background_color_opacity=&#8221;1&#8243; background_hover_color_opacity=&#8221;1&#8243; column_backdrop_filter=&#8221;none&#8221; column_shadow=&#8221;none&#8221; column_border_radius=&#8221;none&#8221; column_link_target=&#8221;_self&#8221; column_position=&#8221;default&#8221; gradient_direction=&#8221;left_to_right&#8221; overlay_strength=&#8221;0.3&#8243; width=&#8221;1\/1&#8243; tablet_width_inherit=&#8221;default&#8221; animation_type=&#8221;default&#8221; bg_image_animation=&#8221;none&#8221; border_type=&#8221;simple&#8221; column_border_width=&#8221;none&#8221; column_border_style=&#8221;solid&#8221; column_padding_type=&#8221;default&#8221; gradient_type=&#8221;default&#8221;][vc_row_inner equal_height=&#8221;yes&#8221; content_placement=&#8221;top&#8221; column_margin=&#8221;80px&#8221; column_direction=&#8221;default&#8221; column_direction_tablet=&#8221;default&#8221; column_direction_phone=&#8221;default&#8221; text_align=&#8221;left&#8221; row_position=&#8221;default&#8221; row_position_tablet=&#8221;inherit&#8221; row_position_phone=&#8221;inherit&#8221; overflow=&#8221;visible&#8221; pointer_events=&#8221;all&#8221;][vc_column_inner column_padding=&#8221;no-extra-padding&#8221; column_padding_tablet=&#8221;inherit&#8221; column_padding_phone=&#8221;inherit&#8221; column_padding_position=&#8221;all&#8221; flex_gap_desktop=&#8221;10px&#8221; column_element_direction_desktop=&#8221;default&#8221; column_element_spacing=&#8221;default&#8221; desktop_text_alignment=&#8221;default&#8221; tablet_text_alignment=&#8221;default&#8221; phone_text_alignment=&#8221;default&#8221; background_color_opacity=&#8221;1&#8243; background_hover_color_opacity=&#8221;1&#8243; column_backdrop_filter=&#8221;none&#8221; column_shadow=&#8221;none&#8221; column_border_radius=&#8221;none&#8221; column_link_target=&#8221;_self&#8221; overflow=&#8221;visible&#8221; gradient_direction=&#8221;left_to_right&#8221; overlay_strength=&#8221;0.3&#8243; width=&#8221;1\/2&#8243; tablet_width_inherit=&#8221;default&#8221; animation_type=&#8221;default&#8221; bg_image_animation=&#8221;none&#8221; border_type=&#8221;simple&#8221; column_border_width=&#8221;none&#8221; column_border_style=&#8221;solid&#8221;][vc_column_text css=&#8221;&#8221; text_direction=&#8221;default&#8221;]Incheckning \u00e4r m\u00f6jlig \u00e4ven utanf\u00f6r receptionens \u00f6ppettider. V\u00e4nligen meddela dock receptionen om detta, helst redan vid bokningstillf\u00e4llet. <\/p>\n<p>Den gr\u00f6na pilen p\u00e5 den bifogade kartan visar ing\u00e5ngens placering. Till h\u00f6ger om den r\u00f6da ytterd\u00f6rren finns en svart enhet d\u00e4r du anger den femst\u00e4lliga koden du f\u00e5tt fr\u00e5n receptionen f\u00f6r att komma in genom ytterd\u00f6rren. P\u00e5 den motsatta v\u00e4ggen finns ett gr\u00e5tt nyckelsk\u00e5p. Du har en halv minut p\u00e5 dig att ta kuvertet med ditt namn fr\u00e5n sk\u00e5pet. Om du av n\u00e5gon anledning inte hittar nyckelsk\u00e5pet omedelbart och det l\u00e5ses igen, b\u00f6rja om fr\u00e5n b\u00f6rjan och ange koden igen p\u00e5 den svarta enheten bredvid ytterd\u00f6rren.    <\/p>\n<p>V\u00e4nligen ha rumsnyckeln med dig. Med den kan du komma in genom ytterd\u00f6rren till din inkvarteringsbyggnad dygnet runt. Kom ih\u00e5g att fylla i inkvarteringskortet som du hittar i kuvertet och l\u00e4mna in det i receptionen senast vid utcheckning. V\u00e4nligen betala ocks\u00e5 f\u00f6r vistelsen i receptionen f\u00f6ljande morgon.[\/vc_column_text][nectar_btn size=&#8221;large&#8221; open_new_tab=&#8221;true&#8221; button_style=&#8221;regular&#8221; button_color_2=&#8221;Accent-Color&#8221; icon_family=&#8221;none&#8221; text=&#8221;Inkvarteringsrum&#8221; margin_top=&#8221;15&#8243; url=&#8221;https:\/\/linnasmaki.fi\/wp-content\/uploads\/2024\/11\/Majoitushuoneet-A4-2022.pdf&#8221;][\/vc_column_inner][vc_column_inner column_padding=&#8221;no-extra-padding&#8221; column_padding_tablet=&#8221;inherit&#8221; column_padding_phone=&#8221;inherit&#8221; column_padding_position=&#8221;all&#8221; flex_gap_desktop=&#8221;10px&#8221; column_element_direction_desktop=&#8221;default&#8221; column_element_spacing=&#8221;default&#8221; desktop_text_alignment=&#8221;default&#8221; tablet_text_alignment=&#8221;default&#8221; phone_text_alignment=&#8221;default&#8221; background_color_opacity=&#8221;1&#8243; background_hover_color_opacity=&#8221;1&#8243; column_backdrop_filter=&#8221;none&#8221; column_shadow=&#8221;none&#8221; column_border_radius=&#8221;none&#8221; column_link_target=&#8221;_self&#8221; overflow=&#8221;visible&#8221; gradient_direction=&#8221;left_to_right&#8221; overlay_strength=&#8221;0.3&#8243; width=&#8221;1\/2&#8243; tablet_width_inherit=&#8221;default&#8221; animation_type=&#8221;default&#8221; bg_image_animation=&#8221;none&#8221; border_type=&#8221;simple&#8221; column_border_width=&#8221;none&#8221; column_border_style=&#8221;solid&#8221;][image_with_animation image_url=&#8221;6745&#8243; image_size=&#8221;full&#8221; max_width=&#8221;100%&#8221; max_width_mobile=&#8221;default&#8221; animation_type=&#8221;entrance&#8221; animation=&#8221;None&#8221; animation_movement_type=&#8221;transform_y&#8221; hover_animation=&#8221;none&#8221; alignment=&#8221;&#8221; border_radius=&#8221;none&#8221; box_shadow=&#8221;none&#8221; image_loading=&#8221;default&#8221;][\/vc_column_inner][\/vc_row_inner][\/vc_column][\/vc_row]\n","protected":false},"excerpt":{"rendered":"<p>[vc_row type=&#8221;full_width_background&#8221; full_screen_row_position=&#8221;middle&#8221; column_margin=&#8221;default&#8221; column_direction=&#8221;default&#8221; column_direction_tablet=&#8221;default&#8221; column_direction_phone=&#8221;default&#8221; bg_color=&#8221;#728460&#8243; scene_position=&#8221;center&#8221; top_margin=&#8221;60&#8243; text_color=&#8221;dark&#8221; text_align=&#8221;left&#8221; row_border_radius=&#8221;none&#8221; row_border_radius_applies=&#8221;bg&#8221; row_position_desktop=&#8221;default&#8221; row_position_tablet=&#8221;inherit&#8221; row_position_phone=&#8221;inherit&#8221; overflow=&#8221;visible&#8221; overlay_strength=&#8221;0.3&#8243; gradient_direction=&#8221;left_to_right&#8221; shape_divider_position=&#8221;bottom&#8221; bg_image_animation=&#8221;none&#8221; gradient_type=&#8221;default&#8221; shape_type=&#8221;&#8221;][vc_column column_padding=&#8221;no-extra-padding&#8221; column_padding_tablet=&#8221;inherit&#8221; column_padding_phone=&#8221;inherit&#8221; column_padding_position=&#8221;all&#8221; top_margin=&#8221;-60&#8243; flex_gap_desktop=&#8221;10px&#8221;&#8230;<\/p>\n","protected":false},"author":1,"featured_media":0,"parent":0,"menu_order":0,"comment_status":"closed","ping_status":"closed","template":"","meta":{"footnotes":""},"class_list":["post-7740","page","type-page","status-publish"],"yoast_head":"<!-- This site is optimized with the Yoast SEO plugin v27.3 - https:\/\/yoast.com\/product\/yoast-seo-wordpress\/ -->\n<title>Sen ankomst - Hotelli Linnasm&auml;ki<\/title>\n<meta name=\"description\" content=\"Incheckning \u00e4r m\u00f6jlig \u00e4ven utanf\u00f6r receptionens \u00f6ppettider. V\u00e4nligen meddela receptionen om detta redan vid bokningstillf\u00e4llet.\" \/>\n<meta name=\"robots\" content=\"index, follow, max-snippet:-1, max-image-preview:large, max-video-preview:-1\" \/>\n<link rel=\"canonical\" href=\"https:\/\/linnasmaki.fi\/sv\/sen-ankomst\/\" \/>\n<meta property=\"og:locale\" content=\"sv_SE\" \/>\n<meta property=\"og:type\" content=\"article\" \/>\n<meta property=\"og:title\" content=\"Sen ankomst - Hotelli Linnasm&auml;ki\" \/>\n<meta property=\"og:description\" content=\"Incheckning \u00e4r m\u00f6jlig \u00e4ven utanf\u00f6r receptionens \u00f6ppettider. V\u00e4nligen meddela receptionen om detta redan vid bokningstillf\u00e4llet.\" \/>\n<meta property=\"og:url\" content=\"https:\/\/linnasmaki.fi\/sv\/sen-ankomst\/\" \/>\n<meta property=\"og:site_name\" content=\"Hotelli Linnasm&auml;ki\" \/>\n<meta property=\"article:publisher\" content=\"https:\/\/www.facebook.com\/Linnasmaki\/?locale=fi_FI\" \/>\n<meta property=\"article:modified_time\" content=\"2026-02-12T07:38:47+00:00\" \/>\n<meta name=\"twitter:card\" content=\"summary_large_image\" \/>\n<meta name=\"twitter:label1\" content=\"Ber\u00e4knad l\u00e4stid\" \/>\n\t<meta name=\"twitter:data1\" content=\"6 minuter\" \/>\n<script type=\"application\/ld+json\" class=\"yoast-schema-graph\">{\"@context\":\"https:\\\/\\\/schema.org\",\"@graph\":[{\"@type\":\"WebPage\",\"@id\":\"https:\\\/\\\/linnasmaki.fi\\\/sv\\\/sen-ankomst\\\/\",\"url\":\"https:\\\/\\\/linnasmaki.fi\\\/sv\\\/sen-ankomst\\\/\",\"name\":\"Sen ankomst - Hotelli Linnasm&auml;ki\",\"isPartOf\":{\"@id\":\"https:\\\/\\\/linnasmaki.fi\\\/sv\\\/#website\"},\"datePublished\":\"2024-11-04T16:30:33+00:00\",\"dateModified\":\"2026-02-12T07:38:47+00:00\",\"description\":\"Incheckning \u00e4r m\u00f6jlig \u00e4ven utanf\u00f6r receptionens \u00f6ppettider. V\u00e4nligen meddela receptionen om detta redan vid bokningstillf\u00e4llet.\",\"breadcrumb\":{\"@id\":\"https:\\\/\\\/linnasmaki.fi\\\/sv\\\/sen-ankomst\\\/#breadcrumb\"},\"inLanguage\":\"sv-SE\",\"potentialAction\":[{\"@type\":\"ReadAction\",\"target\":[\"https:\\\/\\\/linnasmaki.fi\\\/sv\\\/sen-ankomst\\\/\"]}]},{\"@type\":\"BreadcrumbList\",\"@id\":\"https:\\\/\\\/linnasmaki.fi\\\/sv\\\/sen-ankomst\\\/#breadcrumb\",\"itemListElement\":[{\"@type\":\"ListItem\",\"position\":1,\"name\":\"Etusivu\",\"item\":\"https:\\\/\\\/linnasmaki.fi\\\/sv\\\/hotell-linnasmaki-abo\\\/\"},{\"@type\":\"ListItem\",\"position\":2,\"name\":\"Sen ankomst\"}]},{\"@type\":\"WebSite\",\"@id\":\"https:\\\/\\\/linnasmaki.fi\\\/sv\\\/#website\",\"url\":\"https:\\\/\\\/linnasmaki.fi\\\/sv\\\/\",\"name\":\"Hotelli Linnasm\u00e4ki\",\"description\":\"Hotelli | Kokoushotelli | Hostelli - Turku\",\"publisher\":{\"@id\":\"https:\\\/\\\/linnasmaki.fi\\\/sv\\\/#organization\"},\"potentialAction\":[{\"@type\":\"SearchAction\",\"target\":{\"@type\":\"EntryPoint\",\"urlTemplate\":\"https:\\\/\\\/linnasmaki.fi\\\/sv\\\/?s={search_term_string}\"},\"query-input\":{\"@type\":\"PropertyValueSpecification\",\"valueRequired\":true,\"valueName\":\"search_term_string\"}}],\"inLanguage\":\"sv-SE\"},{\"@type\":\"Organization\",\"@id\":\"https:\\\/\\\/linnasmaki.fi\\\/sv\\\/#organization\",\"name\":\"Kokoushotelli ja hostelli Linnasm\u00e4ki, Turku\",\"url\":\"https:\\\/\\\/linnasmaki.fi\\\/sv\\\/\",\"logo\":{\"@type\":\"ImageObject\",\"inLanguage\":\"sv-SE\",\"@id\":\"https:\\\/\\\/linnasmaki.fi\\\/sv\\\/#\\\/schema\\\/logo\\\/image\\\/\",\"url\":\"https:\\\/\\\/linnasmaki.fi\\\/wp-content\\\/uploads\\\/2024\\\/09\\\/Hotelli-Linnasmaki-Logo-FIN.svg\",\"contentUrl\":\"https:\\\/\\\/linnasmaki.fi\\\/wp-content\\\/uploads\\\/2024\\\/09\\\/Hotelli-Linnasmaki-Logo-FIN.svg\",\"width\":1,\"height\":1,\"caption\":\"Kokoushotelli ja hostelli Linnasm\u00e4ki, Turku\"},\"image\":{\"@id\":\"https:\\\/\\\/linnasmaki.fi\\\/sv\\\/#\\\/schema\\\/logo\\\/image\\\/\"},\"sameAs\":[\"https:\\\/\\\/www.facebook.com\\\/Linnasmaki\\\/?locale=fi_FI\"]}]}<\/script>\n<!-- \/ Yoast SEO plugin. -->","yoast_head_json":{"title":"Sen ankomst - Hotelli Linnasm&auml;ki","description":"Incheckning \u00e4r m\u00f6jlig \u00e4ven utanf\u00f6r receptionens \u00f6ppettider. V\u00e4nligen meddela receptionen om detta redan vid bokningstillf\u00e4llet.","robots":{"index":"index","follow":"follow","max-snippet":"max-snippet:-1","max-image-preview":"max-image-preview:large","max-video-preview":"max-video-preview:-1"},"canonical":"https:\/\/linnasmaki.fi\/sv\/sen-ankomst\/","og_locale":"sv_SE","og_type":"article","og_title":"Sen ankomst - Hotelli Linnasm&auml;ki","og_description":"Incheckning \u00e4r m\u00f6jlig \u00e4ven utanf\u00f6r receptionens \u00f6ppettider. V\u00e4nligen meddela receptionen om detta redan vid bokningstillf\u00e4llet.","og_url":"https:\/\/linnasmaki.fi\/sv\/sen-ankomst\/","og_site_name":"Hotelli Linnasm&auml;ki","article_publisher":"https:\/\/www.facebook.com\/Linnasmaki\/?locale=fi_FI","article_modified_time":"2026-02-12T07:38:47+00:00","twitter_card":"summary_large_image","twitter_misc":{"Ber\u00e4knad l\u00e4stid":"6 minuter"},"schema":{"@context":"https:\/\/schema.org","@graph":[{"@type":"WebPage","@id":"https:\/\/linnasmaki.fi\/sv\/sen-ankomst\/","url":"https:\/\/linnasmaki.fi\/sv\/sen-ankomst\/","name":"Sen ankomst - Hotelli Linnasm&auml;ki","isPartOf":{"@id":"https:\/\/linnasmaki.fi\/sv\/#website"},"datePublished":"2024-11-04T16:30:33+00:00","dateModified":"2026-02-12T07:38:47+00:00","description":"Incheckning \u00e4r m\u00f6jlig \u00e4ven utanf\u00f6r receptionens \u00f6ppettider. V\u00e4nligen meddela receptionen om detta redan vid bokningstillf\u00e4llet.","breadcrumb":{"@id":"https:\/\/linnasmaki.fi\/sv\/sen-ankomst\/#breadcrumb"},"inLanguage":"sv-SE","potentialAction":[{"@type":"ReadAction","target":["https:\/\/linnasmaki.fi\/sv\/sen-ankomst\/"]}]},{"@type":"BreadcrumbList","@id":"https:\/\/linnasmaki.fi\/sv\/sen-ankomst\/#breadcrumb","itemListElement":[{"@type":"ListItem","position":1,"name":"Etusivu","item":"https:\/\/linnasmaki.fi\/sv\/hotell-linnasmaki-abo\/"},{"@type":"ListItem","position":2,"name":"Sen ankomst"}]},{"@type":"WebSite","@id":"https:\/\/linnasmaki.fi\/sv\/#website","url":"https:\/\/linnasmaki.fi\/sv\/","name":"Hotelli Linnasm\u00e4ki","description":"Hotelli | Kokoushotelli | Hostelli - Turku","publisher":{"@id":"https:\/\/linnasmaki.fi\/sv\/#organization"},"potentialAction":[{"@type":"SearchAction","target":{"@type":"EntryPoint","urlTemplate":"https:\/\/linnasmaki.fi\/sv\/?s={search_term_string}"},"query-input":{"@type":"PropertyValueSpecification","valueRequired":true,"valueName":"search_term_string"}}],"inLanguage":"sv-SE"},{"@type":"Organization","@id":"https:\/\/linnasmaki.fi\/sv\/#organization","name":"Kokoushotelli ja hostelli Linnasm\u00e4ki, Turku","url":"https:\/\/linnasmaki.fi\/sv\/","logo":{"@type":"ImageObject","inLanguage":"sv-SE","@id":"https:\/\/linnasmaki.fi\/sv\/#\/schema\/logo\/image\/","url":"https:\/\/linnasmaki.fi\/wp-content\/uploads\/2024\/09\/Hotelli-Linnasmaki-Logo-FIN.svg","contentUrl":"https:\/\/linnasmaki.fi\/wp-content\/uploads\/2024\/09\/Hotelli-Linnasmaki-Logo-FIN.svg","width":1,"height":1,"caption":"Kokoushotelli ja hostelli Linnasm\u00e4ki, Turku"},"image":{"@id":"https:\/\/linnasmaki.fi\/sv\/#\/schema\/logo\/image\/"},"sameAs":["https:\/\/www.facebook.com\/Linnasmaki\/?locale=fi_FI"]}]}},"_links":{"self":[{"href":"https:\/\/linnasmaki.fi\/sv\/wp-json\/wp\/v2\/pages\/7740","targetHints":{"allow":["GET"]}}],"collection":[{"href":"https:\/\/linnasmaki.fi\/sv\/wp-json\/wp\/v2\/pages"}],"about":[{"href":"https:\/\/linnasmaki.fi\/sv\/wp-json\/wp\/v2\/types\/page"}],"author":[{"embeddable":true,"href":"https:\/\/linnasmaki.fi\/sv\/wp-json\/wp\/v2\/users\/1"}],"replies":[{"embeddable":true,"href":"https:\/\/linnasmaki.fi\/sv\/wp-json\/wp\/v2\/comments?post=7740"}],"version-history":[{"count":3,"href":"https:\/\/linnasmaki.fi\/sv\/wp-json\/wp\/v2\/pages\/7740\/revisions"}],"predecessor-version":[{"id":8711,"href":"https:\/\/linnasmaki.fi\/sv\/wp-json\/wp\/v2\/pages\/7740\/revisions\/8711"}],"wp:attachment":[{"href":"https:\/\/linnasmaki.fi\/sv\/wp-json\/wp\/v2\/media?parent=7740"}],"curies":[{"name":"wp","href":"https:\/\/api.w.org\/{rel}","templated":true}]}}