{"id":7627,"date":"2024-10-16T14:24:43","date_gmt":"2024-10-16T11:24:43","guid":{"rendered":"https:\/\/linnasmaki.fi\/integritetspolicy"},"modified":"2024-10-16T14:24:43","modified_gmt":"2024-10-16T11:24:43","slug":"integritetspolicy","status":"publish","type":"page","link":"https:\/\/linnasmaki.fi\/sv\/integritetspolicy\/","title":{"rendered":"Integritetspolicy"},"content":{"rendered":"<h3>INTEGRITETSPOLICY 7.10.2019<\/h3>\n<p>Registerdeklaration enligt personuppgiftslagen 5.12.2018\/1050<\/p>\n<h4>Personuppgiftsansvarig<\/h4>\n<p>\u00c5bo kristliga institut, 0915313-4<br \/>\nStiftelsen f\u00f6r \u00c5bo kristliga institut sr<br \/>\nLustokatu 7<br \/>\n20380 \u00c5bo<br \/>\nTel.  <a href=\"tel:+35824123500\">+358 2 4123 500<\/a><br \/>\n<a href=\"mailto:info@linnasmaki.fi\">info@linnasmaki.fi<\/a><\/p>\n<h4>Registeransvarig part<\/h4>\n<p>\u00c5bo kristliga institut<br \/>\nStiftelsen f\u00f6r \u00c5bo kristliga institut sr<br \/>\nLustokatu 7<br \/>\n20380 \u00c5bo<br \/>\nTel.  <a href=\"tel:+35824123500\">+358 2 4123 500<\/a><br \/>\n<a href=\"mailto:info@linnasmaki.fi\">info@linnasmaki.fi<\/a><\/p>\n<h4>Registrets namn<\/h4>\n<p>\u00c5bo kristliga instituts kundregister. Syftet med och r\u00e4ttslig grund f\u00f6r behandling av personuppgifter. Syftet med behandlingen av personuppgifter \u00e4r att hantera och uppr\u00e4tth\u00e5lla kundrelationen mellan f\u00f6retaget och f\u00f6retagskunden samt f\u00f6r marknadsf\u00f6ring. Registeruppgifterna anv\u00e4nds f\u00f6r f\u00f6retagets egen direktmarknadsf\u00f6ring, s\u00e5vida kunden inte har f\u00f6rbjudit direktmarknadsf\u00f6ring. Ink\u00f6ps- och transaktionsdata samt platsdata som behandlas i registret kan ocks\u00e5 anv\u00e4ndas f\u00f6r profilering och f\u00f6r att rikta marknadsf\u00f6rings\u00e5tg\u00e4rder och kundkommunikation som intresserar den registrerade. Uppgifterna behandlas ocks\u00e5 i samband med s\u00e4ndning av nyhetsbrev samt deltagande i evenemang och andra marknadsf\u00f6rings\u00e5tg\u00e4rder. Uppgifterna behandlas f\u00f6r att s\u00e4kerst\u00e4lla den personuppgiftsansvariges ber\u00e4ttigade intresse. Om den registrerade inte fyller i de beg\u00e4rda uppgifterna i kontaktformul\u00e4ret kan den personuppgiftsansvarige inte ta emot den registrerades kontaktformul\u00e4r eller f\u00f6rbinda sig till avtalet mellan den personuppgiftsansvarige och den registrerade g\u00e4llande detta.       <\/p>\n<h4>Lagringstid f\u00f6r personuppgifter<\/h4>\n<p>Personuppgifter lagras s\u00e5 l\u00e4nge som \u00e5tg\u00e4rderna relaterade till den registrerades ifyllda kontaktformul\u00e4r kr\u00e4ver. Lagringstiden beror p\u00e5 den insamlade informationen, t.ex. enligt bokf\u00f6ringslagen m\u00e5ste faktureringsuppgifter lagras i sex \u00e5r. Vi lagrar kontaktformul\u00e4rets uppgifter endast med den registrerades samtycke.  <\/p>\n<h4>Beskrivning av gruppen registrerade och datainneh\u00e5ll<\/h4>\n<p>Registret inneh\u00e5ller personuppgifter om f\u00f6retagets f\u00f6retagskunder. De uppgifter som den registrerade sj\u00e4lv har angett i formul\u00e4ret kan inneh\u00e5lla bl.a. e-postadress, telefonnummer eller adress. <\/p>\n<h4>Regelm\u00e4ssiga informationsk\u00e4llor<\/h4>\n<p>Uppgifter som anges av kontaktpersonen samt kundinformationssystemets och faktureringens databas.<\/p>\n<h4>Regelm\u00e4ssigt utl\u00e4mnande av uppgifter<\/h4>\n<p>Personuppgifter l\u00e4mnas i regel inte ut utanf\u00f6r organisationen. Personuppgifter som kr\u00e4vs f\u00f6r bokf\u00f6ringen l\u00e4mnas ut till den redovisningsbyr\u00e5 som \u00c5bo kristliga institut anv\u00e4nder. Personuppgifter kan dock l\u00e4mnas ut baserat p\u00e5 avtalet mellan kunden och \u00c5bo kristliga institut, kundrelationen mellan kunden och \u00c5bo kristliga institut eller g\u00e4llande lagstiftning, bl.a. till myndigheter. Uppgifterna \u00f6verf\u00f6rs inte utanf\u00f6r EU eller EES.   <\/p>\n<h4>Principer f\u00f6r skydd av registret<\/h4>\n<p>Uppgifterna lagras tekniskt skyddade. Fysisk \u00e5tkomst till uppgifterna f\u00f6rhindras genom passerkontroll och andra s\u00e4kerhets\u00e5tg\u00e4rder. \u00c5tkomst till uppgifterna kr\u00e4ver tillr\u00e4ckliga r\u00e4ttigheter och flerfaktorsautentisering. Obeh\u00f6rig \u00e5tkomst f\u00f6rhindras ocks\u00e5 bl.a. genom brandv\u00e4ggar och tekniskt skydd. Endast den personuppgiftsansvarige och s\u00e4rskilt utsedda tekniska personer har \u00e5tkomst till registeruppgifterna. Endast utsedda personer har r\u00e4tt att behandla och underh\u00e5lla registeruppgifterna. Anv\u00e4ndarna \u00e4r bundna av tystnadsplikt. Registeruppgifterna s\u00e4kerhetskopieras p\u00e5 ett s\u00e4kert s\u00e4tt och kan \u00e5terst\u00e4llas vid behov.       <\/p>\n<h4>Den registrerades r\u00e4ttigheter<\/h4>\n<ul>\n<li>Den registrerade har r\u00e4tt att kontrollera de uppgifter som r\u00f6r honom eller henne som lagrats i registret och f\u00e5 kopior av dem. Beg\u00e4ran om insyn ska g\u00f6ras skriftligen och riktas till den registeransvariga parten (se avsnittet Registeransvarig part). <\/li>\n<li>Den registeransvariga parten korrigerar, raderar eller kompletterar p\u00e5 eget initiativ eller p\u00e5 beg\u00e4ran av den registrerade personuppgifter i registret som \u00e4r felaktiga, on\u00f6diga, ofullst\u00e4ndiga eller f\u00f6r\u00e5ldrade med avseende p\u00e5 behandlingens syfte. Den registrerade ska skriftligen kontakta den registeransvariga parten f\u00f6r att korrigera uppgifterna (se avsnittet Registeransvarig part). <\/li>\n<li>I den m\u00e5n behandlingen av personuppgifter baseras p\u00e5 den registrerades samtycke har den registrerade r\u00e4tt att n\u00e4r som helst \u00e5terkalla sitt samtycke. \u00c5terkallande av samtycke p\u00e5verkar inte lagligheten av behandling som utf\u00f6rts f\u00f6re detta. <\/li>\n<li>Den registrerade har r\u00e4tt att l\u00e4mna in ett klagom\u00e5l till tillsynsmyndigheten om behandlingen av personuppgifter.<\/li>\n<\/ul>\n","protected":false},"excerpt":{"rendered":"<p>INTEGRITETSPOLICY 7.10.2019 Registerdeklaration enligt personuppgiftslagen 5.12.2018\/1050 Personuppgiftsansvarig \u00c5bo kristliga institut, 0915313-4 Stiftelsen f\u00f6r \u00c5bo kristliga institut sr Lustokatu 7 20380 \u00c5bo Tel. +358 2 4123 500 info@linnasmaki.fi Registeransvarig part \u00c5bo&#8230;<\/p>\n","protected":false},"author":1,"featured_media":0,"parent":0,"menu_order":0,"comment_status":"closed","ping_status":"closed","template":"","meta":{"footnotes":""},"class_list":["post-7627","page","type-page","status-publish"],"yoast_head":"<!-- This site is optimized with the Yoast SEO plugin v27.3 - https:\/\/yoast.com\/product\/yoast-seo-wordpress\/ -->\n<title>Integritetspolicy - Hotelli Linnasm&auml;ki<\/title>\n<meta name=\"robots\" content=\"noindex, nofollow\" \/>\n<meta property=\"og:locale\" content=\"sv_SE\" \/>\n<meta property=\"og:type\" content=\"article\" \/>\n<meta property=\"og:title\" content=\"Integritetspolicy - Hotelli Linnasm&auml;ki\" \/>\n<meta property=\"og:description\" content=\"INTEGRITETSPOLICY 7.10.2019 Registerdeklaration enligt personuppgiftslagen 5.12.2018\/1050 Personuppgiftsansvarig \u00c5bo kristliga institut, 0915313-4 Stiftelsen f\u00f6r \u00c5bo kristliga institut sr Lustokatu 7 20380 \u00c5bo Tel. +358 2 4123 500 info@linnasmaki.fi Registeransvarig part \u00c5bo...\" \/>\n<meta property=\"og:url\" content=\"https:\/\/linnasmaki.fi\/sv\/integritetspolicy\/\" \/>\n<meta property=\"og:site_name\" content=\"Hotelli Linnasm&auml;ki\" \/>\n<meta property=\"article:publisher\" content=\"https:\/\/www.facebook.com\/Linnasmaki\/?locale=fi_FI\" \/>\n<meta name=\"twitter:card\" content=\"summary_large_image\" \/>\n<meta name=\"twitter:label1\" content=\"Ber\u00e4knad l\u00e4stid\" \/>\n\t<meta name=\"twitter:data1\" content=\"3 minuter\" \/>\n<script type=\"application\/ld+json\" class=\"yoast-schema-graph\">{\"@context\":\"https:\\\/\\\/schema.org\",\"@graph\":[{\"@type\":\"WebPage\",\"@id\":\"https:\\\/\\\/linnasmaki.fi\\\/sv\\\/integritetspolicy\\\/\",\"url\":\"https:\\\/\\\/linnasmaki.fi\\\/sv\\\/integritetspolicy\\\/\",\"name\":\"Integritetspolicy - Hotelli Linnasm&auml;ki\",\"isPartOf\":{\"@id\":\"https:\\\/\\\/linnasmaki.fi\\\/sv\\\/#website\"},\"datePublished\":\"2024-10-16T11:24:43+00:00\",\"breadcrumb\":{\"@id\":\"https:\\\/\\\/linnasmaki.fi\\\/sv\\\/integritetspolicy\\\/#breadcrumb\"},\"inLanguage\":\"sv-SE\",\"potentialAction\":[{\"@type\":\"ReadAction\",\"target\":[\"https:\\\/\\\/linnasmaki.fi\\\/sv\\\/integritetspolicy\\\/\"]}]},{\"@type\":\"BreadcrumbList\",\"@id\":\"https:\\\/\\\/linnasmaki.fi\\\/sv\\\/integritetspolicy\\\/#breadcrumb\",\"itemListElement\":[{\"@type\":\"ListItem\",\"position\":1,\"name\":\"Etusivu\",\"item\":\"https:\\\/\\\/linnasmaki.fi\\\/sv\\\/hotell-linnasmaki-abo\\\/\"},{\"@type\":\"ListItem\",\"position\":2,\"name\":\"Integritetspolicy\"}]},{\"@type\":\"WebSite\",\"@id\":\"https:\\\/\\\/linnasmaki.fi\\\/sv\\\/#website\",\"url\":\"https:\\\/\\\/linnasmaki.fi\\\/sv\\\/\",\"name\":\"Hotelli Linnasm\u00e4ki\",\"description\":\"Hotelli | Kokoushotelli | Hostelli - Turku\",\"publisher\":{\"@id\":\"https:\\\/\\\/linnasmaki.fi\\\/sv\\\/#organization\"},\"potentialAction\":[{\"@type\":\"SearchAction\",\"target\":{\"@type\":\"EntryPoint\",\"urlTemplate\":\"https:\\\/\\\/linnasmaki.fi\\\/sv\\\/?s={search_term_string}\"},\"query-input\":{\"@type\":\"PropertyValueSpecification\",\"valueRequired\":true,\"valueName\":\"search_term_string\"}}],\"inLanguage\":\"sv-SE\"},{\"@type\":\"Organization\",\"@id\":\"https:\\\/\\\/linnasmaki.fi\\\/sv\\\/#organization\",\"name\":\"Kokoushotelli ja hostelli Linnasm\u00e4ki, Turku\",\"url\":\"https:\\\/\\\/linnasmaki.fi\\\/sv\\\/\",\"logo\":{\"@type\":\"ImageObject\",\"inLanguage\":\"sv-SE\",\"@id\":\"https:\\\/\\\/linnasmaki.fi\\\/sv\\\/#\\\/schema\\\/logo\\\/image\\\/\",\"url\":\"https:\\\/\\\/linnasmaki.fi\\\/wp-content\\\/uploads\\\/2024\\\/09\\\/Hotelli-Linnasmaki-Logo-FIN.svg\",\"contentUrl\":\"https:\\\/\\\/linnasmaki.fi\\\/wp-content\\\/uploads\\\/2024\\\/09\\\/Hotelli-Linnasmaki-Logo-FIN.svg\",\"width\":1,\"height\":1,\"caption\":\"Kokoushotelli ja hostelli Linnasm\u00e4ki, Turku\"},\"image\":{\"@id\":\"https:\\\/\\\/linnasmaki.fi\\\/sv\\\/#\\\/schema\\\/logo\\\/image\\\/\"},\"sameAs\":[\"https:\\\/\\\/www.facebook.com\\\/Linnasmaki\\\/?locale=fi_FI\"]}]}<\/script>\n<!-- \/ Yoast SEO plugin. -->","yoast_head_json":{"title":"Integritetspolicy - Hotelli Linnasm&auml;ki","robots":{"index":"noindex","follow":"nofollow"},"og_locale":"sv_SE","og_type":"article","og_title":"Integritetspolicy - Hotelli Linnasm&auml;ki","og_description":"INTEGRITETSPOLICY 7.10.2019 Registerdeklaration enligt personuppgiftslagen 5.12.2018\/1050 Personuppgiftsansvarig \u00c5bo kristliga institut, 0915313-4 Stiftelsen f\u00f6r \u00c5bo kristliga institut sr Lustokatu 7 20380 \u00c5bo Tel. +358 2 4123 500 info@linnasmaki.fi Registeransvarig part \u00c5bo...","og_url":"https:\/\/linnasmaki.fi\/sv\/integritetspolicy\/","og_site_name":"Hotelli Linnasm&auml;ki","article_publisher":"https:\/\/www.facebook.com\/Linnasmaki\/?locale=fi_FI","twitter_card":"summary_large_image","twitter_misc":{"Ber\u00e4knad l\u00e4stid":"3 minuter"},"schema":{"@context":"https:\/\/schema.org","@graph":[{"@type":"WebPage","@id":"https:\/\/linnasmaki.fi\/sv\/integritetspolicy\/","url":"https:\/\/linnasmaki.fi\/sv\/integritetspolicy\/","name":"Integritetspolicy - Hotelli Linnasm&auml;ki","isPartOf":{"@id":"https:\/\/linnasmaki.fi\/sv\/#website"},"datePublished":"2024-10-16T11:24:43+00:00","breadcrumb":{"@id":"https:\/\/linnasmaki.fi\/sv\/integritetspolicy\/#breadcrumb"},"inLanguage":"sv-SE","potentialAction":[{"@type":"ReadAction","target":["https:\/\/linnasmaki.fi\/sv\/integritetspolicy\/"]}]},{"@type":"BreadcrumbList","@id":"https:\/\/linnasmaki.fi\/sv\/integritetspolicy\/#breadcrumb","itemListElement":[{"@type":"ListItem","position":1,"name":"Etusivu","item":"https:\/\/linnasmaki.fi\/sv\/hotell-linnasmaki-abo\/"},{"@type":"ListItem","position":2,"name":"Integritetspolicy"}]},{"@type":"WebSite","@id":"https:\/\/linnasmaki.fi\/sv\/#website","url":"https:\/\/linnasmaki.fi\/sv\/","name":"Hotelli Linnasm\u00e4ki","description":"Hotelli | Kokoushotelli | Hostelli - Turku","publisher":{"@id":"https:\/\/linnasmaki.fi\/sv\/#organization"},"potentialAction":[{"@type":"SearchAction","target":{"@type":"EntryPoint","urlTemplate":"https:\/\/linnasmaki.fi\/sv\/?s={search_term_string}"},"query-input":{"@type":"PropertyValueSpecification","valueRequired":true,"valueName":"search_term_string"}}],"inLanguage":"sv-SE"},{"@type":"Organization","@id":"https:\/\/linnasmaki.fi\/sv\/#organization","name":"Kokoushotelli ja hostelli Linnasm\u00e4ki, Turku","url":"https:\/\/linnasmaki.fi\/sv\/","logo":{"@type":"ImageObject","inLanguage":"sv-SE","@id":"https:\/\/linnasmaki.fi\/sv\/#\/schema\/logo\/image\/","url":"https:\/\/linnasmaki.fi\/wp-content\/uploads\/2024\/09\/Hotelli-Linnasmaki-Logo-FIN.svg","contentUrl":"https:\/\/linnasmaki.fi\/wp-content\/uploads\/2024\/09\/Hotelli-Linnasmaki-Logo-FIN.svg","width":1,"height":1,"caption":"Kokoushotelli ja hostelli Linnasm\u00e4ki, Turku"},"image":{"@id":"https:\/\/linnasmaki.fi\/sv\/#\/schema\/logo\/image\/"},"sameAs":["https:\/\/www.facebook.com\/Linnasmaki\/?locale=fi_FI"]}]}},"_links":{"self":[{"href":"https:\/\/linnasmaki.fi\/sv\/wp-json\/wp\/v2\/pages\/7627","targetHints":{"allow":["GET"]}}],"collection":[{"href":"https:\/\/linnasmaki.fi\/sv\/wp-json\/wp\/v2\/pages"}],"about":[{"href":"https:\/\/linnasmaki.fi\/sv\/wp-json\/wp\/v2\/types\/page"}],"author":[{"embeddable":true,"href":"https:\/\/linnasmaki.fi\/sv\/wp-json\/wp\/v2\/users\/1"}],"replies":[{"embeddable":true,"href":"https:\/\/linnasmaki.fi\/sv\/wp-json\/wp\/v2\/comments?post=7627"}],"version-history":[{"count":0,"href":"https:\/\/linnasmaki.fi\/sv\/wp-json\/wp\/v2\/pages\/7627\/revisions"}],"wp:attachment":[{"href":"https:\/\/linnasmaki.fi\/sv\/wp-json\/wp\/v2\/media?parent=7627"}],"curies":[{"name":"wp","href":"https:\/\/api.w.org\/{rel}","templated":true}]}}